{"id":9724,"date":"2018-04-28T23:20:56","date_gmt":"2018-04-28T21:20:56","guid":{"rendered":"http:\/\/www.ffpanimale.fr\/?page_id=9724"},"modified":"2026-01-01T16:08:47","modified_gmt":"2026-01-01T15:08:47","slug":"espace-membres","status":"publish","type":"page","link":"https:\/\/ffpanimale.fr\/?page_id=9724","title":{"rendered":"Espace Membres"},"content":{"rendered":"\n<figure class=\"wp-block-image size-full\"><img data-recalc-dims=\"1\" loading=\"lazy\" decoding=\"async\" width=\"810\" height=\"810\" src=\"https:\/\/i0.wp.com\/ffpanimale.fr\/wp-content\/uploads\/2025\/12\/Copilot_20251231_110651.png?resize=810%2C810&#038;ssl=1\" alt=\"\" class=\"wp-image-14501\" srcset=\"https:\/\/i0.wp.com\/ffpanimale.fr\/wp-content\/uploads\/2025\/12\/Copilot_20251231_110651.png?w=1024&amp;ssl=1 1024w, https:\/\/i0.wp.com\/ffpanimale.fr\/wp-content\/uploads\/2025\/12\/Copilot_20251231_110651.png?resize=300%2C300&amp;ssl=1 300w, https:\/\/i0.wp.com\/ffpanimale.fr\/wp-content\/uploads\/2025\/12\/Copilot_20251231_110651.png?resize=150%2C150&amp;ssl=1 150w, https:\/\/i0.wp.com\/ffpanimale.fr\/wp-content\/uploads\/2025\/12\/Copilot_20251231_110651.png?resize=768%2C768&amp;ssl=1 768w\" sizes=\"auto, (max-width: 810px) 100vw, 810px\" \/><\/figure>\n\n\n\n<p><strong><strong>Contribuez \u00e9changez c&rsquo;est votre communaut\u00e9.<\/strong> <\/strong><\/p>\n\n\n\n<ul class=\"wp-block-list\">\n<li>Cet espace est le v\u00f4tre<\/li>\n\n\n\n<li>Tous membres est automatiquement rajouter apr\u00e8s mise \u00e0 jour de sa <a href=\"https:\/\/ffpanimale.fr\/espace-adherents\/\" target=\"_blank\" rel=\"noreferrer noopener\">cotisation<\/a> afin de pouvoir acc\u00e9der \u00e0 votre espace<\/li>\n\n\n\n<li>Bons \u00e9changes animaliers<\/li>\n\n\n\n<li>Besoin d&rsquo;aide ? <a href=\"https:\/\/www.ffpanimale.fr\/contact\/\" target=\"_blank\" rel=\"noreferrer noopener\">contactez nous <\/a><\/li>\n<\/ul>\n\n\n\n<hr class=\"wp-block-separator has-alpha-channel-opacity\"\/>\n\n\n\n<blockquote class=\"wp-block-quote is-layout-flow wp-block-quote-is-layout-flow\">\n<div class=\"wp-block-buttons is-content-justification-center is-layout-flex wp-container-core-buttons-is-layout-16018d1d wp-block-buttons-is-layout-flex\">\n<div class=\"wp-block-button is-style-outline is-style-outline--1\"><a class=\"wp-block-button__link has-white-color has-vivid-cyan-blue-to-vivid-purple-gradient-background has-text-color has-background has-link-color has-text-align-center wp-element-button\" href=\"https:\/\/intranet.ffpanimale.fr\/\" target=\"_blank\" rel=\"noreferrer noopener\">Je me connecte \u00e0 mon espace membre<\/a><\/div>\n<\/div>\n<\/blockquote>\n\n\n\n<hr class=\"wp-block-separator has-alpha-channel-opacity\"\/>\n\n\n\n<blockquote class=\"wp-block-quote is-layout-flow wp-block-quote-is-layout-flow\">\n<p><\/p>\n<cite>NOTRE RESEAU (il se d\u00e9finit comme suit) 1 responsable par R\u00e9gion et 1 responsable par d\u00e9partement)<\/cite><\/blockquote>\n\n\n\n<hr class=\"wp-block-separator has-alpha-channel-opacity\"\/>\n\n\n\n<blockquote class=\"wp-block-quote is-layout-flow wp-block-quote-is-layout-flow\">\n<p>Vous trouverez ci-dessous l&rsquo;ensemble des membres <\/p>\n<\/blockquote>\n\n\n\n<hr class=\"wp-block-separator has-alpha-channel-opacity\"\/>\n\n\n\n<figure class=\"wp-block-image size-full\"><img data-recalc-dims=\"1\" loading=\"lazy\" decoding=\"async\" width=\"810\" height=\"608\" src=\"https:\/\/i0.wp.com\/ffpanimale.fr\/wp-content\/uploads\/2026\/01\/Membres-CA.png?resize=810%2C608&#038;ssl=1\" alt=\"\" class=\"wp-image-14579\" srcset=\"https:\/\/i0.wp.com\/ffpanimale.fr\/wp-content\/uploads\/2026\/01\/Membres-CA.png?w=1024&amp;ssl=1 1024w, https:\/\/i0.wp.com\/ffpanimale.fr\/wp-content\/uploads\/2026\/01\/Membres-CA.png?resize=300%2C225&amp;ssl=1 300w, https:\/\/i0.wp.com\/ffpanimale.fr\/wp-content\/uploads\/2026\/01\/Membres-CA.png?resize=768%2C576&amp;ssl=1 768w, https:\/\/i0.wp.com\/ffpanimale.fr\/wp-content\/uploads\/2026\/01\/Membres-CA.png?resize=360%2C270&amp;ssl=1 360w, https:\/\/i0.wp.com\/ffpanimale.fr\/wp-content\/uploads\/2026\/01\/Membres-CA.png?resize=80%2C60&amp;ssl=1 80w\" sizes=\"auto, (max-width: 810px) 100vw, 810px\" \/><\/figure>\n\n\n\n<hr class=\"wp-block-separator has-alpha-channel-opacity\"\/>\n\n\n\n<figure class=\"wp-block-image size-full\"><img data-recalc-dims=\"1\" loading=\"lazy\" decoding=\"async\" width=\"810\" height=\"608\" src=\"https:\/\/i0.wp.com\/ffpanimale.fr\/wp-content\/uploads\/2025\/12\/Membres-Region-Auvergne-Rhone-Alpes-1.png?resize=810%2C608&#038;ssl=1\" alt=\"\" class=\"wp-image-14510\" srcset=\"https:\/\/i0.wp.com\/ffpanimale.fr\/wp-content\/uploads\/2025\/12\/Membres-Region-Auvergne-Rhone-Alpes-1.png?w=1024&amp;ssl=1 1024w, https:\/\/i0.wp.com\/ffpanimale.fr\/wp-content\/uploads\/2025\/12\/Membres-Region-Auvergne-Rhone-Alpes-1.png?resize=300%2C225&amp;ssl=1 300w, https:\/\/i0.wp.com\/ffpanimale.fr\/wp-content\/uploads\/2025\/12\/Membres-Region-Auvergne-Rhone-Alpes-1.png?resize=768%2C576&amp;ssl=1 768w, https:\/\/i0.wp.com\/ffpanimale.fr\/wp-content\/uploads\/2025\/12\/Membres-Region-Auvergne-Rhone-Alpes-1.png?resize=360%2C270&amp;ssl=1 360w, https:\/\/i0.wp.com\/ffpanimale.fr\/wp-content\/uploads\/2025\/12\/Membres-Region-Auvergne-Rhone-Alpes-1.png?resize=80%2C60&amp;ssl=1 80w\" sizes=\"auto, (max-width: 810px) 100vw, 810px\" \/><\/figure>\n\n\n\n<figure class=\"wp-block-image size-full\"><img data-recalc-dims=\"1\" loading=\"lazy\" decoding=\"async\" width=\"810\" height=\"608\" src=\"https:\/\/i0.wp.com\/ffpanimale.fr\/wp-content\/uploads\/2025\/12\/Membres-Region-Auvergne-Rhone-Alpes-2.png?resize=810%2C608&#038;ssl=1\" alt=\"\" class=\"wp-image-14511\" srcset=\"https:\/\/i0.wp.com\/ffpanimale.fr\/wp-content\/uploads\/2025\/12\/Membres-Region-Auvergne-Rhone-Alpes-2.png?w=1024&amp;ssl=1 1024w, https:\/\/i0.wp.com\/ffpanimale.fr\/wp-content\/uploads\/2025\/12\/Membres-Region-Auvergne-Rhone-Alpes-2.png?resize=300%2C225&amp;ssl=1 300w, https:\/\/i0.wp.com\/ffpanimale.fr\/wp-content\/uploads\/2025\/12\/Membres-Region-Auvergne-Rhone-Alpes-2.png?resize=768%2C576&amp;ssl=1 768w, https:\/\/i0.wp.com\/ffpanimale.fr\/wp-content\/uploads\/2025\/12\/Membres-Region-Auvergne-Rhone-Alpes-2.png?resize=360%2C270&amp;ssl=1 360w, https:\/\/i0.wp.com\/ffpanimale.fr\/wp-content\/uploads\/2025\/12\/Membres-Region-Auvergne-Rhone-Alpes-2.png?resize=80%2C60&amp;ssl=1 80w\" sizes=\"auto, (max-width: 810px) 100vw, 810px\" \/><\/figure>\n\n\n\n<hr class=\"wp-block-separator has-alpha-channel-opacity\"\/>\n\n\n\n<h3 class=\"wp-block-heading\">R\u00e9gion Bourgogne Franche Comt\u00e9<\/h3>\n\n\n\n<p>D\u00e9partement :<\/p>\n\n\n\n<ul class=\"wp-block-list\">\n<li>C\u00f4te-d&rsquo;Or (21)<\/li>\n\n\n\n<li>Doubs (25)<\/li>\n\n\n\n<li>Jura (39)<\/li>\n\n\n\n<li>Ni\u00e8vre (58)<\/li>\n\n\n\n<li>Haute-Sa\u00f4ne (70)<\/li>\n\n\n\n<li>Sa\u00f4ne-et-Loire (71)<\/li>\n\n\n\n<li>Yonne (89)<\/li>\n\n\n\n<li>Territoire de Belfort (90)&nbsp;<\/li>\n<\/ul>\n\n\n\n<hr class=\"wp-block-separator has-alpha-channel-opacity\"\/>\n\n\n\n<div class=\"wp-block-media-text is-stacked-on-mobile\"><figure class=\"wp-block-media-text__media\"><img data-recalc-dims=\"1\" loading=\"lazy\" decoding=\"async\" width=\"810\" height=\"512\" src=\"https:\/\/i0.wp.com\/ffpanimale.fr\/wp-content\/uploads\/2024\/02\/Delegue-IDF-1.png?resize=810%2C512&#038;ssl=1\" alt=\"\" class=\"wp-image-13508 size-full\" srcset=\"https:\/\/i0.wp.com\/ffpanimale.fr\/wp-content\/uploads\/2024\/02\/Delegue-IDF-1.png?w=1011&amp;ssl=1 1011w, https:\/\/i0.wp.com\/ffpanimale.fr\/wp-content\/uploads\/2024\/02\/Delegue-IDF-1.png?resize=300%2C190&amp;ssl=1 300w, https:\/\/i0.wp.com\/ffpanimale.fr\/wp-content\/uploads\/2024\/02\/Delegue-IDF-1.png?resize=768%2C485&amp;ssl=1 768w\" sizes=\"auto, (max-width: 810px) 100vw, 810px\" \/><\/figure><div class=\"wp-block-media-text__content\">\n<blockquote class=\"wp-block-quote is-layout-flow wp-block-quote-is-layout-flow\">\n<p>Investie au sein de l\u00a0\u00bbassociation \u00ab\u00a0La Tani\u00e8re des F\u00e9lins\u00a0\u00bb, je sauve les chats victimes de maltraitances et d&rsquo;abandons.<\/p>\n<cite>Marie ALDEBERT<\/cite><\/blockquote>\n<\/div><\/div>\n\n\n\n<hr class=\"wp-block-separator has-alpha-channel-opacity\"\/>\n\n\n\n<hr class=\"wp-block-separator has-alpha-channel-opacity\"\/>\n\n\n\n<div class=\"wp-block-media-text is-stacked-on-mobile\"><figure class=\"wp-block-media-text__media\"><img data-recalc-dims=\"1\" loading=\"lazy\" decoding=\"async\" width=\"810\" height=\"512\" src=\"https:\/\/i0.wp.com\/ffpanimale.fr\/wp-content\/uploads\/2024\/02\/Delegue-Loire-Atlantique-1.png?resize=810%2C512&#038;ssl=1\" alt=\"\" class=\"wp-image-13505 size-full\" srcset=\"https:\/\/i0.wp.com\/ffpanimale.fr\/wp-content\/uploads\/2024\/02\/Delegue-Loire-Atlantique-1.png?w=1011&amp;ssl=1 1011w, https:\/\/i0.wp.com\/ffpanimale.fr\/wp-content\/uploads\/2024\/02\/Delegue-Loire-Atlantique-1.png?resize=300%2C190&amp;ssl=1 300w, https:\/\/i0.wp.com\/ffpanimale.fr\/wp-content\/uploads\/2024\/02\/Delegue-Loire-Atlantique-1.png?resize=768%2C485&amp;ssl=1 768w\" sizes=\"auto, (max-width: 810px) 100vw, 810px\" \/><\/figure><div class=\"wp-block-media-text__content\">\n<blockquote class=\"wp-block-quote is-layout-flow wp-block-quote-is-layout-flow\">\n<p>Investi dans la cause animale je suis sp\u00e9cialis\u00e9e en m\u00e9diation animale.<\/p>\n<cite>Nathalie COLOMBIER<\/cite><\/blockquote>\n<\/div><\/div>\n\n\n\n<hr class=\"wp-block-separator has-alpha-channel-opacity\"\/>\n\n\n\n<div class=\"wp-block-media-text is-stacked-on-mobile\"><figure class=\"wp-block-media-text__media\"><img data-recalc-dims=\"1\" loading=\"lazy\" decoding=\"async\" width=\"810\" height=\"512\" src=\"https:\/\/i0.wp.com\/ffpanimale.fr\/wp-content\/uploads\/2023\/08\/Michel-David-1.jpg?resize=810%2C512&#038;ssl=1\" alt=\"\" class=\"wp-image-12948 size-full\" srcset=\"https:\/\/i0.wp.com\/ffpanimale.fr\/wp-content\/uploads\/2023\/08\/Michel-David-1.jpg?w=1011&amp;ssl=1 1011w, https:\/\/i0.wp.com\/ffpanimale.fr\/wp-content\/uploads\/2023\/08\/Michel-David-1.jpg?resize=300%2C190&amp;ssl=1 300w, https:\/\/i0.wp.com\/ffpanimale.fr\/wp-content\/uploads\/2023\/08\/Michel-David-1.jpg?resize=768%2C485&amp;ssl=1 768w\" sizes=\"auto, (max-width: 810px) 100vw, 810px\" \/><\/figure><div class=\"wp-block-media-text__content\">\n<blockquote class=\"wp-block-quote is-layout-flow wp-block-quote-is-layout-flow\">\n<p>Dans le cadre de la protection des animaux et de la race asine en particulier, fort de son exp\u00e9rience d\u00e9j\u00e0 acquise sur le terrain, de son Amour inconditionnel pour les \u00e2nes, le D\u00e9l\u00e9gu\u00e9 R\u00e9gional est charg\u00e9 de repr\u00e9senter la FFPAnimale aupr\u00e8s des autorit\u00e9s civiles et militaires<\/p>\n<cite>Michel DAVID<\/cite><\/blockquote>\n<\/div><\/div>\n\n\n\n<hr class=\"wp-block-separator has-alpha-channel-opacity\"\/>\n\n\n\n<div class=\"wp-block-media-text is-stacked-on-mobile\"><figure class=\"wp-block-media-text__media\"><img data-recalc-dims=\"1\" loading=\"lazy\" decoding=\"async\" width=\"810\" height=\"512\" src=\"https:\/\/i0.wp.com\/ffpanimale.fr\/wp-content\/uploads\/2024\/03\/Delegation-Haut-de-Saone.png?resize=810%2C512&#038;ssl=1\" alt=\"\" class=\"wp-image-13586 size-full\" srcset=\"https:\/\/i0.wp.com\/ffpanimale.fr\/wp-content\/uploads\/2024\/03\/Delegation-Haut-de-Saone.png?w=1011&amp;ssl=1 1011w, https:\/\/i0.wp.com\/ffpanimale.fr\/wp-content\/uploads\/2024\/03\/Delegation-Haut-de-Saone.png?resize=300%2C190&amp;ssl=1 300w, https:\/\/i0.wp.com\/ffpanimale.fr\/wp-content\/uploads\/2024\/03\/Delegation-Haut-de-Saone.png?resize=768%2C485&amp;ssl=1 768w\" sizes=\"auto, (max-width: 810px) 100vw, 810px\" \/><\/figure><div class=\"wp-block-media-text__content\">\n<blockquote class=\"wp-block-quote is-layout-flow wp-block-quote-is-layout-flow\">\n<p>Sp\u00e9cialis\u00e9e dans le sauvetage des NAC mais pas que, je suis investie dans la Protection Animale afin de lutter contre les abandons et en faveur du bien \u00eatre animal<\/p>\n<cite>St\u00e9phanie FORTERRE<\/cite><\/blockquote>\n<\/div><\/div>\n\n\n\n<hr class=\"wp-block-separator has-alpha-channel-opacity\"\/>\n\n\n\n<p><\/p>\n","protected":false},"excerpt":{"rendered":"<p>Contribuez \u00e9changez c&rsquo;est votre communaut\u00e9. NOTRE RESEAU (il se d\u00e9finit comme suit) 1 responsable par R\u00e9gion et 1 responsable par d\u00e9partement) Vous trouverez ci-dessous l&rsquo;ensemble des membres R\u00e9gion Bourgogne Franche [&hellip;]<\/p>\n","protected":false},"author":2,"featured_media":0,"parent":0,"menu_order":0,"comment_status":"closed","ping_status":"closed","template":"","meta":{"jetpack_post_was_ever_published":false,"footnotes":""},"class_list":["post-9724","page","type-page","status-publish","hentry"],"jetpack-related-posts":[],"jetpack_sharing_enabled":true,"_links":{"self":[{"href":"https:\/\/ffpanimale.fr\/index.php?rest_route=\/wp\/v2\/pages\/9724","targetHints":{"allow":["GET"]}}],"collection":[{"href":"https:\/\/ffpanimale.fr\/index.php?rest_route=\/wp\/v2\/pages"}],"about":[{"href":"https:\/\/ffpanimale.fr\/index.php?rest_route=\/wp\/v2\/types\/page"}],"author":[{"embeddable":true,"href":"https:\/\/ffpanimale.fr\/index.php?rest_route=\/wp\/v2\/users\/2"}],"replies":[{"embeddable":true,"href":"https:\/\/ffpanimale.fr\/index.php?rest_route=%2Fwp%2Fv2%2Fcomments&post=9724"}],"version-history":[{"count":64,"href":"https:\/\/ffpanimale.fr\/index.php?rest_route=\/wp\/v2\/pages\/9724\/revisions"}],"predecessor-version":[{"id":14580,"href":"https:\/\/ffpanimale.fr\/index.php?rest_route=\/wp\/v2\/pages\/9724\/revisions\/14580"}],"wp:attachment":[{"href":"https:\/\/ffpanimale.fr\/index.php?rest_route=%2Fwp%2Fv2%2Fmedia&parent=9724"}],"curies":[{"name":"wp","href":"https:\/\/api.w.org\/{rel}","templated":true}]}}