{"id":9339,"date":"2018-04-05T18:11:36","date_gmt":"2018-04-05T16:11:36","guid":{"rendered":"http:\/\/www.ffpanimale.fr\/evenements-3\/"},"modified":"2023-09-08T11:21:41","modified_gmt":"2023-09-08T09:21:41","slug":"evenements","status":"publish","type":"page","link":"https:\/\/ffpanimale.fr\/?page_id=9339","title":{"rendered":"Espace \u00c9v\u00e9nements"},"content":{"rendered":"\n<hr class=\"wp-block-separator has-alpha-channel-opacity\"\/>\n\n\n\n<div class=\"wp-block-columns alignfull is-layout-flex wp-container-core-columns-is-layout-9d6595d7 wp-block-columns-is-layout-flex\">\n<div class=\"wp-block-column is-layout-flow wp-block-column-is-layout-flow\" style=\"flex-basis:50%\">\n<div class=\"wp-block-cover is-light\" style=\"min-height:600px;aspect-ratio:unset;\"><span aria-hidden=\"true\" class=\"wp-block-cover__background has-background-dim-100 has-background-dim has-background-gradient\" style=\"background:radial-gradient(rgb(255,245,203) 0%,rgb(182,227,212) 50%,rgb(51,167,181) 100%)\"><\/span><div class=\"wp-block-cover__inner-container is-layout-flow wp-block-cover-is-layout-flow\"><div class=\"wp-block-image\">\n<figure class=\"aligncenter size-large\"><img data-recalc-dims=\"1\" loading=\"lazy\" decoding=\"async\" width=\"724\" height=\"1024\" src=\"https:\/\/i0.wp.com\/ffpanimale.fr\/wp-content\/uploads\/2023\/09\/3-1.jpg?resize=724%2C1024&#038;ssl=1\" alt=\"\" class=\"wp-image-13229\" srcset=\"https:\/\/i0.wp.com\/ffpanimale.fr\/wp-content\/uploads\/2023\/09\/3-1.jpg?resize=724%2C1024&amp;ssl=1 724w, https:\/\/i0.wp.com\/ffpanimale.fr\/wp-content\/uploads\/2023\/09\/3-1.jpg?resize=212%2C300&amp;ssl=1 212w, https:\/\/i0.wp.com\/ffpanimale.fr\/wp-content\/uploads\/2023\/09\/3-1.jpg?resize=768%2C1086&amp;ssl=1 768w, https:\/\/i0.wp.com\/ffpanimale.fr\/wp-content\/uploads\/2023\/09\/3-1.jpg?resize=1086%2C1536&amp;ssl=1 1086w, https:\/\/i0.wp.com\/ffpanimale.fr\/wp-content\/uploads\/2023\/09\/3-1.jpg?resize=1320%2C1867&amp;ssl=1 1320w, https:\/\/i0.wp.com\/ffpanimale.fr\/wp-content\/uploads\/2023\/09\/3-1.jpg?w=1414&amp;ssl=1 1414w\" sizes=\"auto, (max-width: 724px) 100vw, 724px\" \/><\/figure>\n<\/div><\/div><\/div>\n<\/div>\n\n\n\n<div class=\"wp-block-column is-vertically-aligned-center is-layout-flow wp-block-column-is-layout-flow\" style=\"padding-top:1em;padding-right:1em;padding-bottom:1em;padding-left:1em\">\n<div class=\"wp-block-columns is-layout-flex wp-container-core-columns-is-layout-9d6595d7 wp-block-columns-is-layout-flex\">\n<div class=\"wp-block-column is-layout-flow wp-block-column-is-layout-flow\" style=\"flex-basis:320px\">\n<p class=\"has-small-font-size\" style=\"line-height:1.6\"><strong>Ev\u00e8nements<\/strong><\/p>\n\n\n\n<p class=\"has-small-font-size\" style=\"line-height:1.6\"><strong>Nos Actualit\u00e9s, nos \u00e9v\u00e8nements, nos permanences mais aussi celles et ceux des affili\u00e9s et professionnels sont affich\u00e9s ici<\/strong><\/p>\n<\/div>\n<\/div>\n<\/div>\n<\/div>\n\n\n\n<hr class=\"wp-block-separator has-alpha-channel-opacity\"\/>\n\n\n\n<div class=\"wp-block-columns alignfull is-layout-flex wp-container-core-columns-is-layout-9d6595d7 wp-block-columns-is-layout-flex\">\n<div class=\"wp-block-column is-layout-flow wp-block-column-is-layout-flow\" style=\"flex-basis:50%\">\n<div class=\"wp-block-cover is-light\" style=\"min-height:600px;aspect-ratio:unset;\"><span aria-hidden=\"true\" class=\"wp-block-cover__background has-background-dim-100 has-background-dim has-background-gradient\" style=\"background:radial-gradient(rgb(255,245,203) 0%,rgb(182,227,212) 50%,rgb(51,167,181) 100%)\"><\/span><div class=\"wp-block-cover__inner-container is-layout-flow wp-block-cover-is-layout-flow\"><div class=\"wp-block-image\">\n<figure class=\"aligncenter size-large\"><img data-recalc-dims=\"1\" loading=\"lazy\" decoding=\"async\" width=\"724\" height=\"1024\" src=\"https:\/\/i0.wp.com\/ffpanimale.fr\/wp-content\/uploads\/2023\/09\/2-5.jpg?resize=724%2C1024&#038;ssl=1\" alt=\"\" class=\"wp-image-13221\" srcset=\"https:\/\/i0.wp.com\/ffpanimale.fr\/wp-content\/uploads\/2023\/09\/2-5.jpg?resize=724%2C1024&amp;ssl=1 724w, https:\/\/i0.wp.com\/ffpanimale.fr\/wp-content\/uploads\/2023\/09\/2-5.jpg?resize=212%2C300&amp;ssl=1 212w, https:\/\/i0.wp.com\/ffpanimale.fr\/wp-content\/uploads\/2023\/09\/2-5.jpg?resize=768%2C1086&amp;ssl=1 768w, https:\/\/i0.wp.com\/ffpanimale.fr\/wp-content\/uploads\/2023\/09\/2-5.jpg?resize=1086%2C1536&amp;ssl=1 1086w, https:\/\/i0.wp.com\/ffpanimale.fr\/wp-content\/uploads\/2023\/09\/2-5.jpg?resize=1320%2C1867&amp;ssl=1 1320w, https:\/\/i0.wp.com\/ffpanimale.fr\/wp-content\/uploads\/2023\/09\/2-5.jpg?w=1414&amp;ssl=1 1414w\" sizes=\"auto, (max-width: 724px) 100vw, 724px\" \/><\/figure>\n<\/div><\/div><\/div>\n<\/div>\n\n\n\n<div class=\"wp-block-column is-vertically-aligned-center is-layout-flow wp-block-column-is-layout-flow\" style=\"padding-top:1em;padding-right:1em;padding-bottom:1em;padding-left:1em\">\n<div class=\"wp-block-columns is-layout-flex wp-container-core-columns-is-layout-9d6595d7 wp-block-columns-is-layout-flex\">\n<div class=\"wp-block-column is-layout-flow wp-block-column-is-layout-flow\" style=\"flex-basis:320px\">\n<p class=\"has-small-font-size\" style=\"line-height:1.6\"><strong>Notre ONG s&rsquo;engage aupr\u00e8s du jeune public<\/strong><\/p>\n\n\n\n<p class=\"has-small-font-size\" style=\"line-height:1.6\"><br>Nous sommes pr\u00e9sents tous les ans \u00e0 Compi\u00e8gne \u00e0 l\u2019<a rel=\"noreferrer noopener\" href=\"https:\/\/sevigne-compiegne.fr\/\" target=\"_blank\">Institut S\u00e9vign\u00e9<\/a>\u00a0afin de faire de la sensibilisation aupr\u00e8s des scolaires afin de participer au Carrefour des Id\u00e9es d\u2019autres acteurs du secteur nous sollicitent afin d\u2019intervenir sur des sujets comme l\u2019adoption, la lutte contre la chasse \u00e0 courre et \u00e0 tir \u2026..<\/p>\n\n\n\n<p>Si vous souhaitez une intervention il suffit de prendre <a href=\"https:\/\/ffpanimale.fr\/contact\/\" target=\"_blank\" rel=\"noreferrer noopener\">contact avec notre p\u00f4le communication<\/a><\/p>\n<\/div>\n<\/div>\n<\/div>\n<\/div>\n\n\n\n<hr class=\"wp-block-separator has-alpha-channel-opacity\"\/>\n\n\n\n<p>CONTENTS<\/p>\n","protected":false},"excerpt":{"rendered":"<p>CONTENTS<\/p>\n","protected":false},"author":1,"featured_media":0,"parent":0,"menu_order":0,"comment_status":"closed","ping_status":"open","template":"","meta":{"jetpack_post_was_ever_published":false,"footnotes":""},"class_list":["post-9339","page","type-page","status-publish","hentry"],"jetpack-related-posts":[],"jetpack_sharing_enabled":true,"_links":{"self":[{"href":"https:\/\/ffpanimale.fr\/index.php?rest_route=\/wp\/v2\/pages\/9339","targetHints":{"allow":["GET"]}}],"collection":[{"href":"https:\/\/ffpanimale.fr\/index.php?rest_route=\/wp\/v2\/pages"}],"about":[{"href":"https:\/\/ffpanimale.fr\/index.php?rest_route=\/wp\/v2\/types\/page"}],"author":[{"embeddable":true,"href":"https:\/\/ffpanimale.fr\/index.php?rest_route=\/wp\/v2\/users\/1"}],"replies":[{"embeddable":true,"href":"https:\/\/ffpanimale.fr\/index.php?rest_route=%2Fwp%2Fv2%2Fcomments&post=9339"}],"version-history":[{"count":6,"href":"https:\/\/ffpanimale.fr\/index.php?rest_route=\/wp\/v2\/pages\/9339\/revisions"}],"predecessor-version":[{"id":13233,"href":"https:\/\/ffpanimale.fr\/index.php?rest_route=\/wp\/v2\/pages\/9339\/revisions\/13233"}],"wp:attachment":[{"href":"https:\/\/ffpanimale.fr\/index.php?rest_route=%2Fwp%2Fv2%2Fmedia&parent=9339"}],"curies":[{"name":"wp","href":"https:\/\/api.w.org\/{rel}","templated":true}]}}