{"id":9140,"date":"2018-03-02T22:44:34","date_gmt":"2018-03-02T21:44:34","guid":{"rendered":"http:\/\/www.ffpanimale.fr\/?page_id=9140"},"modified":"2025-11-12T13:56:08","modified_gmt":"2025-11-12T12:56:08","slug":"nos-chartes","status":"publish","type":"page","link":"https:\/\/ffpanimale.fr\/?page_id=9140","title":{"rendered":"Chartes"},"content":{"rendered":"\n<hr class=\"wp-block-separator has-alpha-channel-opacity\"\/>\n\n\n\n<div class=\"wp-block-columns alignfull is-layout-flex wp-container-core-columns-is-layout-9d6595d7 wp-block-columns-is-layout-flex\">\n<div class=\"wp-block-column is-layout-flow wp-block-column-is-layout-flow\" style=\"flex-basis:50%\">\n<div class=\"wp-block-cover is-light\" style=\"min-height:600px;aspect-ratio:unset;\"><span aria-hidden=\"true\" class=\"wp-block-cover__background has-background-dim-100 has-background-dim has-background-gradient\" style=\"background:radial-gradient(rgb(2,3,129) 0%,rgb(40,116,252) 100%)\"><\/span><div class=\"wp-block-cover__inner-container is-layout-flow wp-block-cover-is-layout-flow\"><div class=\"wp-block-image\">\n<figure class=\"aligncenter size-large\"><img data-recalc-dims=\"1\" loading=\"lazy\" decoding=\"async\" width=\"724\" height=\"1024\" src=\"https:\/\/i0.wp.com\/ffpanimale.fr\/wp-content\/uploads\/2023\/09\/Chartes-pour-les-elues-724x1024.jpg?resize=724%2C1024&#038;ssl=1\" alt=\"\" class=\"wp-image-13248\" srcset=\"https:\/\/i0.wp.com\/ffpanimale.fr\/wp-content\/uploads\/2023\/09\/Chartes-pour-les-elues.jpg?resize=724%2C1024&amp;ssl=1 724w, https:\/\/i0.wp.com\/ffpanimale.fr\/wp-content\/uploads\/2023\/09\/Chartes-pour-les-elues.jpg?resize=212%2C300&amp;ssl=1 212w, https:\/\/i0.wp.com\/ffpanimale.fr\/wp-content\/uploads\/2023\/09\/Chartes-pour-les-elues.jpg?resize=768%2C1086&amp;ssl=1 768w, https:\/\/i0.wp.com\/ffpanimale.fr\/wp-content\/uploads\/2023\/09\/Chartes-pour-les-elues.jpg?resize=1086%2C1536&amp;ssl=1 1086w, https:\/\/i0.wp.com\/ffpanimale.fr\/wp-content\/uploads\/2023\/09\/Chartes-pour-les-elues.jpg?resize=1320%2C1867&amp;ssl=1 1320w, https:\/\/i0.wp.com\/ffpanimale.fr\/wp-content\/uploads\/2023\/09\/Chartes-pour-les-elues.jpg?w=1414&amp;ssl=1 1414w\" sizes=\"auto, (max-width: 724px) 100vw, 724px\" \/><\/figure>\n<\/div><\/div><\/div>\n<\/div>\n\n\n\n<div class=\"wp-block-column is-vertically-aligned-center is-layout-flow wp-block-column-is-layout-flow\" style=\"padding-top:1em;padding-right:1em;padding-bottom:1em;padding-left:1em\">\n<div class=\"wp-block-columns is-layout-flex wp-container-core-columns-is-layout-9d6595d7 wp-block-columns-is-layout-flex\">\n<div class=\"wp-block-column is-layout-flow wp-block-column-is-layout-flow\" style=\"flex-basis:320px\">\n<p class=\"has-small-font-size\" style=\"line-height:1.6\"><strong>Chartes des \u00e9lu.e.s.<\/strong><\/p>\n\n\n\n<p>Vous trouverez ci-dessous les chartes destin\u00e9es aux \u00e9lu.e.s. d\u00e9sirant s&rsquo;impliquer dans la protection animale et ainsi agir en faveur de leur bien \u00eatre.<\/p>\n\n\n\n<p class=\"has-text-align-left\">Nous vous serions reconnaissants de bien vouloir la signer et de la retourner par courriel aupr\u00e8s de notre p\u00f4le secr\u00e9tariat : secretariat@ffpanimale.fr<\/p>\n\n\n\n<p class=\"has-text-align-justify\">Merci quant \u00e0 votre engagement en faveur du bien \u00eatre animal.<\/p>\n<\/div>\n<\/div>\n<\/div>\n<\/div>\n\n\n\n<hr class=\"wp-block-separator has-alpha-channel-opacity\"\/>\n\n\n\n<div class=\"wp-block-columns alignfull is-layout-flex wp-container-core-columns-is-layout-9d6595d7 wp-block-columns-is-layout-flex\">\n<div class=\"wp-block-column is-vertically-aligned-stretch is-layout-flow wp-block-column-is-layout-flow\" style=\"padding-top:1em;padding-right:1em;padding-bottom:1em;padding-left:1em\">\n<div class=\"wp-block-columns is-layout-flex wp-container-core-columns-is-layout-9d6595d7 wp-block-columns-is-layout-flex\">\n<div class=\"wp-block-column is-layout-flow wp-block-column-is-layout-flow\">\n<h2 class=\"wp-block-heading\"><strong>Charte des Elus Locaux<\/strong><\/h2>\n\n\n\n<p>Vous \u00eates \u00e9lus locaux et avez envie de vous impliquer dans la protection animale ? Il vous suffit de cliquer sur l&rsquo;image ci-contre, de t\u00e9l\u00e9charger le document puis de nous le renvoyer par courriel sur secretariat@ffpanimale.fr<\/p>\n<\/div>\n<\/div>\n<\/div>\n<\/div>\n\n\n\n<hr class=\"wp-block-separator has-alpha-channel-opacity\"\/>\n\n\n\n<div data-wp-interactive=\"core\/file\" class=\"wp-block-file\"><object data-wp-bind--hidden=\"!state.hasPdfPreview\" hidden class=\"wp-block-file__embed\" data=\"https:\/\/ffpanimale.fr\/wp-content\/uploads\/2025\/11\/Charte-des-Elus-locaux-envers-les-animaux.pdf\" type=\"application\/pdf\" style=\"width:100%;height:600px\" aria-label=\"Contenu embarqu\u00e9 Charte des Elus locaux envers les animaux.\"><\/object><a id=\"wp-block-file--media-5bb66d73-5d0f-47ff-b6ef-04d68d7da124\" href=\"https:\/\/ffpanimale.fr\/wp-content\/uploads\/2025\/11\/Charte-des-Elus-locaux-envers-les-animaux.pdf\">Charte des Elus locaux envers les animaux<\/a><a href=\"https:\/\/ffpanimale.fr\/wp-content\/uploads\/2025\/11\/Charte-des-Elus-locaux-envers-les-animaux.pdf\" class=\"wp-block-file__button wp-element-button\" download aria-describedby=\"wp-block-file--media-5bb66d73-5d0f-47ff-b6ef-04d68d7da124\">T\u00e9l\u00e9charger<\/a><\/div>\n\n\n\n<hr class=\"wp-block-separator has-alpha-channel-opacity\"\/>\n\n\n\n<p class=\"has-small-font-size\" style=\"line-height:1.6\"><strong><strong>Charte des Conseillers D\u00e9partementaux<\/strong><\/strong><\/p>\n\n\n\n<p class=\"has-small-font-size\" style=\"line-height:1.6\">Vous \u00eates \u00e9lus locaux et avez envie de vous impliquer dans la protection animale ? Il vous suffit de cliquer sur l&rsquo;image ci-contre, de t\u00e9l\u00e9charger le document puis de nous le renvoyer par courriel sur secretariat@ffpanimale.fr<\/p>\n\n\n\n<hr class=\"wp-block-separator has-alpha-channel-opacity\"\/>\n\n\n\n<div data-wp-interactive=\"core\/file\" class=\"wp-block-file\"><object data-wp-bind--hidden=\"!state.hasPdfPreview\" hidden class=\"wp-block-file__embed\" data=\"https:\/\/ffpanimale.fr\/wp-content\/uploads\/2025\/11\/Charte-des-Conseillers-Departementaux-envers-les-animaux.pdf\" type=\"application\/pdf\" style=\"width:100%;height:600px\" aria-label=\"Contenu embarqu\u00e9 Charte des Conseillers D\u00e9partementaux envers les animaux.\"><\/object><a id=\"wp-block-file--media-67771012-4450-411b-880c-eb36448eacf7\" href=\"https:\/\/ffpanimale.fr\/wp-content\/uploads\/2025\/11\/Charte-des-Conseillers-Departementaux-envers-les-animaux.pdf\">Charte des Conseillers D\u00e9partementaux envers les animaux<\/a><a href=\"https:\/\/ffpanimale.fr\/wp-content\/uploads\/2025\/11\/Charte-des-Conseillers-Departementaux-envers-les-animaux.pdf\" class=\"wp-block-file__button wp-element-button\" download aria-describedby=\"wp-block-file--media-67771012-4450-411b-880c-eb36448eacf7\">T\u00e9l\u00e9charger<\/a><\/div>\n\n\n\n<hr class=\"wp-block-separator has-alpha-channel-opacity\"\/>\n\n\n\n<p class=\"has-small-font-size\" style=\"line-height:1.6\"><strong><strong>Charte des Elus Europ\u00e9ens<\/strong><\/strong><\/p>\n\n\n\n<p class=\"has-small-font-size\" style=\"line-height:1.6\">Vous \u00eates \u00e9lus europ\u00e9ens et avez envie de vous impliquer dans la protection animale ? Il vous suffit de cliquer sur l&rsquo;image ci-contre, de t\u00e9l\u00e9charger le document puis de nous le renvoyer par courriel sur secretariat@ffpanimale.fr<\/p>\n\n\n\n<hr class=\"wp-block-separator has-alpha-channel-opacity\"\/>\n\n\n\n<div data-wp-interactive=\"core\/file\" class=\"wp-block-file\"><object data-wp-bind--hidden=\"!state.hasPdfPreview\" hidden class=\"wp-block-file__embed\" data=\"https:\/\/ffpanimale.fr\/wp-content\/uploads\/2025\/11\/Charte-des-Deputes-Europeens.pdf\" type=\"application\/pdf\" style=\"width:100%;height:600px\" aria-label=\"Contenu embarqu\u00e9 Charte des D\u00e9put\u00e9s Europ\u00e9ens.\"><\/object><a id=\"wp-block-file--media-f78c930b-01cb-474a-8bea-7f1ce2c83172\" href=\"https:\/\/ffpanimale.fr\/wp-content\/uploads\/2025\/11\/Charte-des-Deputes-Europeens.pdf\">Charte des D\u00e9put\u00e9s Europ\u00e9ens<\/a><a href=\"https:\/\/ffpanimale.fr\/wp-content\/uploads\/2025\/11\/Charte-des-Deputes-Europeens.pdf\" class=\"wp-block-file__button wp-element-button\" download aria-describedby=\"wp-block-file--media-f78c930b-01cb-474a-8bea-7f1ce2c83172\">T\u00e9l\u00e9charger<\/a><\/div>\n\n\n\n<hr class=\"wp-block-separator has-alpha-channel-opacity\"\/>\n","protected":false},"excerpt":{"rendered":"<p>Chartes des \u00e9lu.e.s. Vous trouverez ci-dessous les chartes destin\u00e9es aux \u00e9lu.e.s. d\u00e9sirant s&rsquo;impliquer dans la protection animale et ainsi agir en faveur de leur bien \u00eatre. Nous vous serions reconnaissants [&hellip;]<\/p>\n","protected":false},"author":1,"featured_media":11986,"parent":0,"menu_order":0,"comment_status":"closed","ping_status":"closed","template":"","meta":{"jetpack_post_was_ever_published":false,"footnotes":""},"class_list":["post-9140","page","type-page","status-publish","has-post-thumbnail","hentry"],"jetpack-related-posts":[],"jetpack_sharing_enabled":true,"_links":{"self":[{"href":"https:\/\/ffpanimale.fr\/index.php?rest_route=\/wp\/v2\/pages\/9140","targetHints":{"allow":["GET"]}}],"collection":[{"href":"https:\/\/ffpanimale.fr\/index.php?rest_route=\/wp\/v2\/pages"}],"about":[{"href":"https:\/\/ffpanimale.fr\/index.php?rest_route=\/wp\/v2\/types\/page"}],"author":[{"embeddable":true,"href":"https:\/\/ffpanimale.fr\/index.php?rest_route=\/wp\/v2\/users\/1"}],"replies":[{"embeddable":true,"href":"https:\/\/ffpanimale.fr\/index.php?rest_route=%2Fwp%2Fv2%2Fcomments&post=9140"}],"version-history":[{"count":7,"href":"https:\/\/ffpanimale.fr\/index.php?rest_route=\/wp\/v2\/pages\/9140\/revisions"}],"predecessor-version":[{"id":14419,"href":"https:\/\/ffpanimale.fr\/index.php?rest_route=\/wp\/v2\/pages\/9140\/revisions\/14419"}],"wp:featuredmedia":[{"embeddable":true,"href":"https:\/\/ffpanimale.fr\/index.php?rest_route=\/wp\/v2\/media\/11986"}],"wp:attachment":[{"href":"https:\/\/ffpanimale.fr\/index.php?rest_route=%2Fwp%2Fv2%2Fmedia&parent=9140"}],"curies":[{"name":"wp","href":"https:\/\/api.w.org\/{rel}","templated":true}]}}