{"id":9093,"date":"2018-03-02T19:05:13","date_gmt":"2018-03-02T18:05:13","guid":{"rendered":"http:\/\/www.ffpanimale.fr\/?page_id=9093"},"modified":"2026-01-26T12:24:18","modified_gmt":"2026-01-26T11:24:18","slug":"villes-et-villages-amis-des-animaux","status":"publish","type":"page","link":"https:\/\/ffpanimale.fr\/?page_id=9093","title":{"rendered":"Villes et villages amis des animaux"},"content":{"rendered":"\n<hr class=\"wp-block-separator has-alpha-channel-opacity\"\/>\n\n\n\n<blockquote class=\"wp-block-quote is-layout-flow wp-block-quote-is-layout-flow\">\n<p><strong>LABEL VILLE ET VILLAGE AMIS DES ANIMAUX<\/strong><\/p>\n<\/blockquote>\n\n\n\n<hr class=\"wp-block-separator has-alpha-channel-opacity\"\/>\n\n\n\n<figure class=\"wp-block-image size-full is-resized\"><img data-recalc-dims=\"1\" loading=\"lazy\" decoding=\"async\" width=\"500\" height=\"500\" src=\"https:\/\/i0.wp.com\/ffpanimale.fr\/wp-content\/uploads\/2025\/11\/logo-label-ville-et-village-ami-des-animaux-2.png?resize=500%2C500&#038;ssl=1\" alt=\"\" class=\"wp-image-14405\" style=\"width:828px;height:auto\" srcset=\"https:\/\/i0.wp.com\/ffpanimale.fr\/wp-content\/uploads\/2025\/11\/logo-label-ville-et-village-ami-des-animaux-2.png?w=500&amp;ssl=1 500w, https:\/\/i0.wp.com\/ffpanimale.fr\/wp-content\/uploads\/2025\/11\/logo-label-ville-et-village-ami-des-animaux-2.png?resize=300%2C300&amp;ssl=1 300w, https:\/\/i0.wp.com\/ffpanimale.fr\/wp-content\/uploads\/2025\/11\/logo-label-ville-et-village-ami-des-animaux-2.png?resize=150%2C150&amp;ssl=1 150w\" sizes=\"auto, (max-width: 500px) 100vw, 500px\" \/><\/figure>\n\n\n\n<p><strong>\ud83c\udfc5 Un label pour valoriser l&rsquo;engagement animalier<\/strong><\/p>\n\n\n\n<hr class=\"wp-block-separator has-alpha-channel-opacity\"\/>\n\n\n\n<p>La F\u00e9d\u00e9ration Fran\u00e7aise de la Protection Animale (FFPA) propose un label r\u00e9compensant les communes qui agissent concr\u00e8tement en faveur du bien-\u00eatre animal. Ce dernier se mat\u00e9rialise par des panneaux d&rsquo;entr\u00e9es de villes poss\u00e9dant le logo du label, ainsi qu&rsquo;une plaque de m\u00e9daillons (selon le nombre demand\u00e9 par la commune parmi la liste) affich\u00e9e sur les mairies.<\/p>\n\n\n\n<hr class=\"wp-block-separator has-alpha-channel-opacity\"\/>\n\n\n\n<blockquote class=\"wp-block-quote is-layout-flow wp-block-quote-is-layout-flow\">\n<h3 class=\"wp-block-heading\">\ud83d\udc36 Crit\u00e8res pour obtenir les m\u00e9daillons<\/h3>\n\n\n\n<ul class=\"wp-block-list\">\n<li><strong>Nommer un(e) \u00e9lu(e) d\u00e9l\u00e9gu\u00e9(e) \u00e0 la condition animale<\/strong>, avec formation d\u00e9di\u00e9e.<\/li>\n\n\n\n<li><strong>Mettre en place un programme de r\u00e9gulation des chats errants<\/strong> et sensibiliser \u00e0 la st\u00e9rilisation (mention sp\u00e9ciale \u00ab\u00a0ville ou village f\u00e9lin protecteur\u00a0\u00bb).<\/li>\n\n\n\n<li><strong>Organiser des animations p\u00e9riscolaires<\/strong> pour sensibiliser les enfants au respect des animaux.<\/li>\n\n\n\n<li><strong>Proposer des alternatives v\u00e9g\u00e9tariennes ou v\u00e9g\u00e9taliennes<\/strong> dans les cantines.<\/li>\n\n\n\n<li><strong>Interdire les spectacles avec animaux<\/strong> sur le territoire communal. <\/li>\n\n\n\n<li><strong>Mener une initiative originale<\/strong> en faveur des animaux (ex. : m\u00e9thodes douces de r\u00e9gulation des nuisibles, mise \u00e0 disposition de salles pour des conf\u00e9rences, etc.).<br><\/li>\n<\/ul>\n<\/blockquote>\n\n\n\n<hr class=\"wp-block-separator has-alpha-channel-opacity\"\/>\n\n\n\n<h3 class=\"wp-block-heading\">\ud83d\udcdd Modalit\u00e9s d\u2019inscription<\/h3>\n\n\n\n<ul class=\"wp-block-list\">\n<li>La commune doit obtenir <strong>l\u2019accord du Conseil Municipal<\/strong>.<\/li>\n\n\n\n<li>Dans le tarif demand\u00e9 un panneau est inclus ainsi que le panneau m\u00e9daillon.<\/li>\n\n\n\n<li>Une fiche d\u2019inscription est disponible en t\u00e9l\u00e9chargement sur le site.<\/li>\n<\/ul>\n\n\n\n<hr class=\"wp-block-separator has-alpha-channel-opacity\"\/>\n\n\n\n<h3 class=\"wp-block-heading\">\ud83c\udf0d Pourquoi ce label ?<\/h3>\n\n\n\n<p>Il vise \u00e0 encourager une soci\u00e9t\u00e9 plus juste envers les animaux, \u00e0 valoriser les \u00e9lus engag\u00e9s, et \u00e0 sensibiliser les citoyens et les touristes \u00e0 ces d\u00e9marches \u00e9thiques.<\/p>\n\n\n\n<p>Vous pouvez consulter tous les d\u00e9tails et t\u00e9l\u00e9charger la fiche d\u2019inscription sur la page officielle du label. Si vous souhaitez une aide afin de pr\u00e9parer un dossier pour votre commune,  nous sommes \u00e0 votre disposition ! secretariat@ffpanimale.fr<\/p>\n\n\n\n<p>Concernant les tarifs merci de prendre attache avec le service comptabilit\u00e9 : comptabilite@ffapnimale.fr<\/p>\n\n\n\n<p>Un devis vous sera alors transmis dans les meilleurs d\u00e9lais.<\/p>\n\n\n\n<hr class=\"wp-block-separator has-alpha-channel-opacity\"\/>\n\n\n\n<div data-wp-interactive=\"core\/file\" class=\"wp-block-file\"><object data-wp-bind--hidden=\"!state.hasPdfPreview\" hidden class=\"wp-block-file__embed\" data=\"https:\/\/ffpanimale.fr\/wp-content\/uploads\/2025\/05\/fiche-inscription-label.pdf\" type=\"application\/pdf\" style=\"width:100%;height:600px\" aria-label=\"Contenu embarqu\u00e9 fiche inscription label.\"><\/object><a id=\"wp-block-file--media-7f48aa21-3f9a-47c1-a592-e3ce8ab1ce36\" href=\"https:\/\/ffpanimale.fr\/wp-content\/uploads\/2025\/05\/fiche-inscription-label.pdf\">fiche inscription label<\/a><a href=\"https:\/\/ffpanimale.fr\/wp-content\/uploads\/2025\/05\/fiche-inscription-label.pdf\" class=\"wp-block-file__button wp-element-button\" download aria-describedby=\"wp-block-file--media-7f48aa21-3f9a-47c1-a592-e3ce8ab1ce36\">T\u00e9l\u00e9charger<\/a><\/div>\n\n\n\n<hr class=\"wp-block-separator has-alpha-channel-opacity\"\/>\n\n\n\n<blockquote class=\"wp-block-quote is-layout-flow wp-block-quote-is-layout-flow\">\n<p><strong>Les Communes qui font parties du Label<\/strong><\/p>\n<\/blockquote>\n\n\n\n<hr class=\"wp-block-separator has-alpha-channel-opacity\"\/>\n\n\n\n<div class=\"wp-block-media-text is-stacked-on-mobile\" style=\"grid-template-columns:20% auto\"><figure class=\"wp-block-media-text__media\"><a href=\"https:\/\/www.coutras.fr\/services-demarches\/animaux-de-compagnie-et-bien-etre-animal\/\" target=\"_blank\" rel=\" noreferrer noopener\"><img data-recalc-dims=\"1\" loading=\"lazy\" decoding=\"async\" width=\"291\" height=\"76\" src=\"https:\/\/i0.wp.com\/ffpanimale.fr\/wp-content\/uploads\/2025\/09\/Mairie-de-Coutras.png?resize=291%2C76&#038;ssl=1\" alt=\"\" class=\"wp-image-14373 size-full\"\/><\/a><\/figure><div class=\"wp-block-media-text__content\">\n<blockquote class=\"wp-block-quote is-layout-flow wp-block-quote-is-layout-flow\">\n<p>Ville pionni\u00e8re : La 1\u00e8re commune \u00e0 rejoindre le label en juin 2025 <\/p>\n\n\n\n<p><a href=\"https:\/\/www.coutras.fr\/services-demarches\/animaux-de-compagnie-et-bien-etre-animal\/\" target=\"_blank\" rel=\"noreferrer noopener\">Voir leurs engagements envers la cause animale <\/a><\/p>\n<\/blockquote>\n<\/div><\/div>\n\n\n\n<hr class=\"wp-block-separator has-alpha-channel-opacity\"\/>\n\n\n\n<div class=\"wp-block-media-text is-stacked-on-mobile\" style=\"grid-template-columns:20% auto\"><figure class=\"wp-block-media-text__media\"><a href=\"https:\/\/www.coutras.fr\/services-demarches\/animaux-de-compagnie-et-bien-etre-animal\/\" target=\"_blank\" rel=\" noreferrer noopener\"><img decoding=\"async\" src=\"https:\/\/ffpanimale.fr\/wp-content\/uploads\/2026\/01\/altorf-logo.svg\" alt=\"\" class=\"wp-image-14621 size-full\"\/><\/a><\/figure><div class=\"wp-block-media-text__content\">\n<blockquote class=\"wp-block-quote is-layout-flow wp-block-quote-is-layout-flow\">\n<p>Cette commune a rejoint le label<\/p>\n\n\n\n<p><a href=\"https:\/\/www.altorf.fr\/\" target=\"_blank\" rel=\"noreferrer noopener\">Suivre leurs actualit\u00e9s<\/a><\/p>\n<\/blockquote>\n<\/div><\/div>\n\n\n\n<hr class=\"wp-block-separator has-alpha-channel-opacity\"\/>\n\n\n\n<div class=\"wp-block-media-text is-stacked-on-mobile\" style=\"grid-template-columns:19% auto\"><figure class=\"wp-block-media-text__media\"><a href=\"https:\/\/www.coutras.fr\/services-demarches\/animaux-de-compagnie-et-bien-etre-animal\/\" target=\"_blank\" rel=\" noreferrer noopener\"><img data-recalc-dims=\"1\" loading=\"lazy\" decoding=\"async\" width=\"164\" height=\"155\" src=\"https:\/\/i0.wp.com\/ffpanimale.fr\/wp-content\/uploads\/2026\/01\/saint-denis-de-pile-logo.png?resize=164%2C155&#038;ssl=1\" alt=\"\" class=\"wp-image-14624 size-full\"\/><\/a><\/figure><div class=\"wp-block-media-text__content\">\n<blockquote class=\"wp-block-quote is-layout-flow wp-block-quote-is-layout-flow\">\n<p>Cette commune a rejoint le label<\/p>\n\n\n\n<p><a href=\"https:\/\/mairie-saintdenisdepile.fr\/\" target=\"_blank\" rel=\"noreferrer noopener\">Suivre leurs actualit\u00e9s<\/a><\/p>\n<\/blockquote>\n<\/div><\/div>\n\n\n\n<hr class=\"wp-block-separator has-alpha-channel-opacity\"\/>\n\n\n\n<div class=\"wp-block-media-text is-stacked-on-mobile\" style=\"grid-template-columns:19% auto\"><figure class=\"wp-block-media-text__media\"><a href=\"https:\/\/www.coutras.fr\/services-demarches\/animaux-de-compagnie-et-bien-etre-animal\/\" target=\"_blank\" rel=\" noreferrer noopener\"><img data-recalc-dims=\"1\" loading=\"lazy\" decoding=\"async\" width=\"182\" height=\"90\" src=\"https:\/\/i0.wp.com\/ffpanimale.fr\/wp-content\/uploads\/2026\/01\/logo-cdk-182-90.jpg?resize=182%2C90&#038;ssl=1\" alt=\"\" class=\"wp-image-14626 size-full\"\/><\/a><\/figure><div class=\"wp-block-media-text__content\">\n<blockquote class=\"wp-block-quote is-layout-flow wp-block-quote-is-layout-flow\">\n<p>Cette commune a rejoint le label<\/p>\n\n\n\n<p><a href=\"https:\/\/mairie-saintdenisdepile.fr\/https:\/\/www.ville-coudekerque-branche.fr\/\" target=\"_blank\" rel=\"noreferrer noopener\">Suivre leurs actualit\u00e9s<\/a><\/p>\n<\/blockquote>\n<\/div><\/div>\n\n\n\n<hr class=\"wp-block-separator has-alpha-channel-opacity\"\/>\n","protected":false},"excerpt":{"rendered":"<p>LABEL VILLE ET VILLAGE AMIS DES ANIMAUX \ud83c\udfc5 Un label pour valoriser l&rsquo;engagement animalier La F\u00e9d\u00e9ration Fran\u00e7aise de la Protection Animale (FFPA) propose un label r\u00e9compensant les communes qui agissent [&hellip;]<\/p>\n","protected":false},"author":1,"featured_media":0,"parent":0,"menu_order":0,"comment_status":"closed","ping_status":"closed","template":"","meta":{"jetpack_post_was_ever_published":false,"footnotes":""},"class_list":["post-9093","page","type-page","status-publish","hentry"],"jetpack-related-posts":[],"jetpack_sharing_enabled":true,"_links":{"self":[{"href":"https:\/\/ffpanimale.fr\/index.php?rest_route=\/wp\/v2\/pages\/9093","targetHints":{"allow":["GET"]}}],"collection":[{"href":"https:\/\/ffpanimale.fr\/index.php?rest_route=\/wp\/v2\/pages"}],"about":[{"href":"https:\/\/ffpanimale.fr\/index.php?rest_route=\/wp\/v2\/types\/page"}],"author":[{"embeddable":true,"href":"https:\/\/ffpanimale.fr\/index.php?rest_route=\/wp\/v2\/users\/1"}],"replies":[{"embeddable":true,"href":"https:\/\/ffpanimale.fr\/index.php?rest_route=%2Fwp%2Fv2%2Fcomments&post=9093"}],"version-history":[{"count":27,"href":"https:\/\/ffpanimale.fr\/index.php?rest_route=\/wp\/v2\/pages\/9093\/revisions"}],"predecessor-version":[{"id":14630,"href":"https:\/\/ffpanimale.fr\/index.php?rest_route=\/wp\/v2\/pages\/9093\/revisions\/14630"}],"wp:attachment":[{"href":"https:\/\/ffpanimale.fr\/index.php?rest_route=%2Fwp%2Fv2%2Fmedia&parent=9093"}],"curies":[{"name":"wp","href":"https:\/\/api.w.org\/{rel}","templated":true}]}}