{"id":8998,"date":"2017-12-23T20:57:27","date_gmt":"2017-12-23T19:57:27","guid":{"rendered":"http:\/\/www.ffpanimale.fr\/?page_id=8998"},"modified":"2026-01-01T15:48:43","modified_gmt":"2026-01-01T14:48:43","slug":"documents-officiels","status":"publish","type":"page","link":"https:\/\/ffpanimale.fr\/?page_id=8998","title":{"rendered":"Documents L\u00e9gaux"},"content":{"rendered":"\n<hr class=\"wp-block-separator has-alpha-channel-opacity\"\/>\n\n\n\n<blockquote class=\"wp-block-quote is-layout-flow wp-block-quote-is-layout-flow\">\n<p>Toutes usurpations de nos documents sont passibles de poursuites p\u00e9nales. <a href=\"https:\/\/www.service-public.gouv.fr\/particuliers\/vosdroits\/F37944\" target=\"_blank\" rel=\"noreferrer noopener\">(loi)<\/a><\/p>\n<\/blockquote>\n\n\n\n<div class=\"wp-block-columns alignfull is-layout-flex wp-container-core-columns-is-layout-9d6595d7 wp-block-columns-is-layout-flex\">\n<div class=\"wp-block-column is-layout-flow wp-block-column-is-layout-flow\" style=\"flex-basis:50%\">\n<div class=\"wp-block-cover is-light\" style=\"min-height:600px;aspect-ratio:unset;\"><span aria-hidden=\"true\" class=\"wp-block-cover__background has-background-dim-100 has-background-dim\" style=\"background-color:#f6f6f6\"><\/span><div class=\"wp-block-cover__inner-container is-layout-flow wp-block-cover-is-layout-flow\"><div class=\"wp-block-image\">\n<figure class=\"aligncenter size-large is-resized\"><img data-recalc-dims=\"1\" loading=\"lazy\" decoding=\"async\" width=\"683\" height=\"1024\" src=\"https:\/\/i0.wp.com\/ffpanimale.fr\/wp-content\/uploads\/2026\/01\/image-3-1.jpg?resize=683%2C1024&#038;ssl=1\" alt=\"\" class=\"wp-image-14572\" style=\"aspect-ratio:0.6670069032206076;width:338px;height:auto\" srcset=\"https:\/\/i0.wp.com\/ffpanimale.fr\/wp-content\/uploads\/2026\/01\/image-3-1.jpg?resize=683%2C1024&amp;ssl=1 683w, https:\/\/i0.wp.com\/ffpanimale.fr\/wp-content\/uploads\/2026\/01\/image-3-1.jpg?resize=200%2C300&amp;ssl=1 200w, https:\/\/i0.wp.com\/ffpanimale.fr\/wp-content\/uploads\/2026\/01\/image-3-1.jpg?resize=768%2C1152&amp;ssl=1 768w, https:\/\/i0.wp.com\/ffpanimale.fr\/wp-content\/uploads\/2026\/01\/image-3-1.jpg?w=832&amp;ssl=1 832w\" sizes=\"auto, (max-width: 683px) 100vw, 683px\" \/><\/figure>\n<\/div><\/div><\/div>\n<\/div>\n\n\n\n<div class=\"wp-block-column is-vertically-aligned-center is-layout-flow wp-block-column-is-layout-flow\" style=\"padding-top:1em;padding-right:1em;padding-bottom:1em;padding-left:1em\">\n<div class=\"wp-block-columns is-layout-flex wp-container-core-columns-is-layout-9d6595d7 wp-block-columns-is-layout-flex\">\n<div class=\"wp-block-column is-layout-flow wp-block-column-is-layout-flow\" style=\"flex-basis:320px\">\n<p class=\"has-small-font-size\" style=\"line-height:1.6\"><strong>Documents L\u00e9gaux<\/strong><\/p>\n\n\n\n<p class=\"has-small-font-size\" style=\"line-height:1.6\">Vous trouverez ci-dessous l&rsquo;ensemble de nos documents officiels<\/p>\n<\/div>\n<\/div>\n<\/div>\n<\/div>\n\n\n\n<hr class=\"wp-block-separator has-alpha-channel-opacity\"\/>\n\n\n\n<h2 class=\"wp-block-heading has-text-align-center\"><strong>Manifeste<\/strong><\/h2>\n\n\n\n<p>Sans programme pas de protection animale digne de ce nom. Vous voulez en savoir plus ? Lisez ce qui suit (attention toutes reproductions seront suivies de poursuites judiciaires<\/p>\n\n\n<div class=\"wp-block-image\">\n<figure class=\"aligncenter size-large is-resized\"><a href=\"https:\/\/ffpanimale.fr\/wp-content\/uploads\/2021\/01\/Programme-de-protection-animale.pdf\" target=\"_blank\" rel=\" noreferrer noopener\"><img data-recalc-dims=\"1\" loading=\"lazy\" decoding=\"async\" width=\"683\" height=\"1024\" src=\"https:\/\/i0.wp.com\/ffpanimale.fr\/wp-content\/uploads\/2026\/01\/grok-image-c56b2e6a-e0d5-426f-813f-0ad9556f252a.jpg?resize=683%2C1024&#038;ssl=1\" alt=\"\" class=\"wp-image-14546\" style=\"width:259px;height:auto\" srcset=\"https:\/\/i0.wp.com\/ffpanimale.fr\/wp-content\/uploads\/2026\/01\/grok-image-c56b2e6a-e0d5-426f-813f-0ad9556f252a.jpg?resize=683%2C1024&amp;ssl=1 683w, https:\/\/i0.wp.com\/ffpanimale.fr\/wp-content\/uploads\/2026\/01\/grok-image-c56b2e6a-e0d5-426f-813f-0ad9556f252a.jpg?resize=200%2C300&amp;ssl=1 200w, https:\/\/i0.wp.com\/ffpanimale.fr\/wp-content\/uploads\/2026\/01\/grok-image-c56b2e6a-e0d5-426f-813f-0ad9556f252a.jpg?resize=768%2C1152&amp;ssl=1 768w, https:\/\/i0.wp.com\/ffpanimale.fr\/wp-content\/uploads\/2026\/01\/grok-image-c56b2e6a-e0d5-426f-813f-0ad9556f252a.jpg?w=832&amp;ssl=1 832w\" sizes=\"auto, (max-width: 683px) 100vw, 683px\" \/><\/a><\/figure>\n<\/div>\n\n\n<hr class=\"wp-block-separator has-alpha-channel-opacity\"\/>\n\n\n\n<h2 class=\"wp-block-heading has-text-align-center\"><strong>Comptabilit\u00e9<\/strong><\/h2>\n\n\n\n<p>Notre ONG est la seule \u00e0 avoir d\u00e9clar\u00e9e ses comptes en ligne. Cliquez sur ce <a href=\"https:\/\/lannuaire.service-public.fr\/themes?theme=associations-culture-jeunesse#associations-culture-jeunesse\" target=\"_blank\" rel=\"noreferrer noopener\">lien <\/a>afin d&rsquo;en faire de m\u00eame avec votre structure et ainsi \u00eatre dans la l\u00e9galit\u00e9.<\/p>\n\n\n<div class=\"wp-block-image\">\n<figure class=\"aligncenter size-large is-resized\"><a href=\"https:\/\/lannuaire.service-public.fr\/themes?theme=associations-culture-jeunesse#associations-culture-jeunesse\" target=\"_blank\" rel=\" noreferrer noopener\"><img data-recalc-dims=\"1\" loading=\"lazy\" decoding=\"async\" width=\"683\" height=\"1024\" src=\"https:\/\/i0.wp.com\/ffpanimale.fr\/wp-content\/uploads\/2026\/01\/f38b7025-0aec-44df-ac8d-d2e09efeb174.jpg?resize=683%2C1024&#038;ssl=1\" alt=\"\" class=\"wp-image-14575\" style=\"aspect-ratio:0.6670108415074858;width:246px;height:auto\" srcset=\"https:\/\/i0.wp.com\/ffpanimale.fr\/wp-content\/uploads\/2026\/01\/f38b7025-0aec-44df-ac8d-d2e09efeb174.jpg?resize=683%2C1024&amp;ssl=1 683w, https:\/\/i0.wp.com\/ffpanimale.fr\/wp-content\/uploads\/2026\/01\/f38b7025-0aec-44df-ac8d-d2e09efeb174.jpg?resize=200%2C300&amp;ssl=1 200w, https:\/\/i0.wp.com\/ffpanimale.fr\/wp-content\/uploads\/2026\/01\/f38b7025-0aec-44df-ac8d-d2e09efeb174.jpg?resize=768%2C1152&amp;ssl=1 768w, https:\/\/i0.wp.com\/ffpanimale.fr\/wp-content\/uploads\/2026\/01\/f38b7025-0aec-44df-ac8d-d2e09efeb174.jpg?w=832&amp;ssl=1 832w\" sizes=\"auto, (max-width: 683px) 100vw, 683px\" \/><\/a><\/figure>\n<\/div>\n\n\n<hr class=\"wp-block-separator has-alpha-channel-opacity\"\/>\n\n\n\n<h2 class=\"wp-block-heading has-text-align-center\"><strong>Journal Officiel<\/strong><\/h2>\n\n\n\n<p>(Re) D\u00e9couvrez notre d\u00e9claration au Journal Officiel. Cliquez sur l&rsquo;image ci-dessous<\/p>\n\n\n<div class=\"wp-block-image\">\n<figure class=\"aligncenter size-large is-resized\"><a href=\"https:\/\/ffpanimale.fr\/wp-content\/uploads\/2022\/01\/JOAFE_PDF_Unitaire_20150024_01195.pdf\" target=\"_blank\" rel=\" noreferrer noopener\"><img data-recalc-dims=\"1\" loading=\"lazy\" decoding=\"async\" width=\"683\" height=\"1024\" src=\"https:\/\/i0.wp.com\/ffpanimale.fr\/wp-content\/uploads\/2026\/01\/grok-image-a8936381-38b8-45b6-a6ec-27f5a3332614.jpg?resize=683%2C1024&#038;ssl=1\" alt=\"\" class=\"wp-image-14551\" style=\"aspect-ratio:0.667005106459223;width:267px;height:auto\" srcset=\"https:\/\/i0.wp.com\/ffpanimale.fr\/wp-content\/uploads\/2026\/01\/grok-image-a8936381-38b8-45b6-a6ec-27f5a3332614.jpg?resize=683%2C1024&amp;ssl=1 683w, https:\/\/i0.wp.com\/ffpanimale.fr\/wp-content\/uploads\/2026\/01\/grok-image-a8936381-38b8-45b6-a6ec-27f5a3332614.jpg?resize=200%2C300&amp;ssl=1 200w, https:\/\/i0.wp.com\/ffpanimale.fr\/wp-content\/uploads\/2026\/01\/grok-image-a8936381-38b8-45b6-a6ec-27f5a3332614.jpg?resize=768%2C1152&amp;ssl=1 768w, https:\/\/i0.wp.com\/ffpanimale.fr\/wp-content\/uploads\/2026\/01\/grok-image-a8936381-38b8-45b6-a6ec-27f5a3332614.jpg?w=832&amp;ssl=1 832w\" sizes=\"auto, (max-width: 683px) 100vw, 683px\" \/><\/a><\/figure>\n<\/div>\n\n\n<hr class=\"wp-block-separator has-alpha-channel-opacity\"\/>\n\n\n\n<h2 class=\"wp-block-heading has-text-align-center\"><strong>R\u00e9c\u00e9piss\u00e9<\/strong><\/h2>\n\n\n\n<p>(Re) D\u00e9couvrez notre r\u00e9c\u00e9piss\u00e9 en Pr\u00e9fecture de l&rsquo;Oise <\/p>\n\n\n<div class=\"wp-block-image\">\n<figure class=\"aligncenter size-large is-resized\"><a href=\"https:\/\/ffpanimale.fr\/wp-content\/uploads\/2022\/01\/RECEPISSE-MODIFICATION-MEMBRES-CA-ET-SIEGE-SOCIAL-8-JUIN-2012027-1.pdf\" target=\"_blank\" rel=\" noreferrer noopener\"><img data-recalc-dims=\"1\" loading=\"lazy\" decoding=\"async\" width=\"683\" height=\"1024\" src=\"https:\/\/i0.wp.com\/ffpanimale.fr\/wp-content\/uploads\/2026\/01\/image.jpg?resize=683%2C1024&#038;ssl=1\" alt=\"\" class=\"wp-image-14554\" style=\"aspect-ratio:0.6670021808421406;width:275px;height:auto\" srcset=\"https:\/\/i0.wp.com\/ffpanimale.fr\/wp-content\/uploads\/2026\/01\/image.jpg?resize=683%2C1024&amp;ssl=1 683w, https:\/\/i0.wp.com\/ffpanimale.fr\/wp-content\/uploads\/2026\/01\/image.jpg?resize=200%2C300&amp;ssl=1 200w, https:\/\/i0.wp.com\/ffpanimale.fr\/wp-content\/uploads\/2026\/01\/image.jpg?resize=768%2C1152&amp;ssl=1 768w, https:\/\/i0.wp.com\/ffpanimale.fr\/wp-content\/uploads\/2026\/01\/image.jpg?w=832&amp;ssl=1 832w\" sizes=\"auto, (max-width: 683px) 100vw, 683px\" \/><\/a><\/figure>\n<\/div>\n\n\n<hr class=\"wp-block-separator has-alpha-channel-opacity\"\/>\n\n\n\n<h2 class=\"wp-block-heading has-text-align-center\"><strong>R\u00e8glement Int\u00e9rieur<\/strong><\/h2>\n\n\n<div class=\"wp-block-image\">\n<figure class=\"aligncenter size-full is-resized\"><a href=\"https:\/\/ffpanimale.fr\/wp-content\/uploads\/2022\/01\/FFPA-REGLEMENT-INTERIEUR.pdf\" target=\"_blank\" rel=\" noreferrer noopener\"><img data-recalc-dims=\"1\" loading=\"lazy\" decoding=\"async\" width=\"810\" height=\"464\" src=\"https:\/\/i0.wp.com\/ffpanimale.fr\/wp-content\/uploads\/2026\/01\/Reglement-Interieur-.png?resize=810%2C464&#038;ssl=1\" alt=\"\" class=\"wp-image-14556\" style=\"aspect-ratio:1.7448145820238843;width:431px;height:auto\" srcset=\"https:\/\/i0.wp.com\/ffpanimale.fr\/wp-content\/uploads\/2026\/01\/Reglement-Interieur-.png?w=834&amp;ssl=1 834w, https:\/\/i0.wp.com\/ffpanimale.fr\/wp-content\/uploads\/2026\/01\/Reglement-Interieur-.png?resize=300%2C172&amp;ssl=1 300w, https:\/\/i0.wp.com\/ffpanimale.fr\/wp-content\/uploads\/2026\/01\/Reglement-Interieur-.png?resize=768%2C440&amp;ssl=1 768w\" sizes=\"auto, (max-width: 810px) 100vw, 810px\" \/><\/a><\/figure>\n<\/div>\n\n\n<hr class=\"wp-block-separator has-alpha-channel-opacity\"\/>\n\n\n\n<h2 class=\"wp-block-heading has-text-align-center\"><strong>Siret \/ Siren<\/strong><\/h2>\n\n\n\n<p>(Re) D\u00e9couvrez notre num\u00e9ro de Siret \/ Siren.<\/p>\n\n\n<div class=\"wp-block-image\">\n<figure class=\"aligncenter size-large is-resized\"><a href=\"https:\/\/ffpanimale.fr\/wp-content\/uploads\/2025\/02\/FFPAnimale-Avis-de-situation-2025.pdf\" target=\"_blank\" rel=\" noreferrer noopener\"><img data-recalc-dims=\"1\" loading=\"lazy\" decoding=\"async\" width=\"683\" height=\"1024\" src=\"https:\/\/i0.wp.com\/ffpanimale.fr\/wp-content\/uploads\/2026\/01\/image-1.jpg?resize=683%2C1024&#038;ssl=1\" alt=\"\" class=\"wp-image-14561\" style=\"aspect-ratio:0.6670093084346982;width:409px;height:auto\" srcset=\"https:\/\/i0.wp.com\/ffpanimale.fr\/wp-content\/uploads\/2026\/01\/image-1.jpg?resize=683%2C1024&amp;ssl=1 683w, https:\/\/i0.wp.com\/ffpanimale.fr\/wp-content\/uploads\/2026\/01\/image-1.jpg?resize=200%2C300&amp;ssl=1 200w, https:\/\/i0.wp.com\/ffpanimale.fr\/wp-content\/uploads\/2026\/01\/image-1.jpg?resize=768%2C1152&amp;ssl=1 768w, https:\/\/i0.wp.com\/ffpanimale.fr\/wp-content\/uploads\/2026\/01\/image-1.jpg?w=832&amp;ssl=1 832w\" sizes=\"auto, (max-width: 683px) 100vw, 683px\" \/><\/a><\/figure>\n<\/div>\n\n\n<hr class=\"wp-block-separator has-alpha-channel-opacity\"\/>\n\n\n\n<h2 class=\"wp-block-heading has-text-align-center\"><strong>Statuts<\/strong><\/h2>\n\n\n<div class=\"wp-block-image\">\n<figure class=\"aligncenter size-large is-resized\"><a href=\"https:\/\/ffpanimale.fr\/wp-content\/uploads\/2025\/02\/FFPAnimale-Statuts-2025_compressed.pdf\" target=\"_blank\" rel=\" noreferrer noopener\"><img data-recalc-dims=\"1\" loading=\"lazy\" decoding=\"async\" width=\"683\" height=\"1024\" src=\"https:\/\/i0.wp.com\/ffpanimale.fr\/wp-content\/uploads\/2026\/01\/image-2.jpg?resize=683%2C1024&#038;ssl=1\" alt=\"\" class=\"wp-image-14565\" style=\"width:388px;height:auto\" srcset=\"https:\/\/i0.wp.com\/ffpanimale.fr\/wp-content\/uploads\/2026\/01\/image-2.jpg?resize=683%2C1024&amp;ssl=1 683w, https:\/\/i0.wp.com\/ffpanimale.fr\/wp-content\/uploads\/2026\/01\/image-2.jpg?resize=200%2C300&amp;ssl=1 200w, https:\/\/i0.wp.com\/ffpanimale.fr\/wp-content\/uploads\/2026\/01\/image-2.jpg?resize=768%2C1152&amp;ssl=1 768w, https:\/\/i0.wp.com\/ffpanimale.fr\/wp-content\/uploads\/2026\/01\/image-2.jpg?w=832&amp;ssl=1 832w\" sizes=\"auto, (max-width: 683px) 100vw, 683px\" \/><\/a><\/figure>\n<\/div>\n\n\n<hr class=\"wp-block-separator has-alpha-channel-opacity\"\/>\n","protected":false},"excerpt":{"rendered":"<p>Toutes usurpations de nos documents sont passibles de poursuites p\u00e9nales. (loi) Documents L\u00e9gaux Vous trouverez ci-dessous l&rsquo;ensemble de nos documents officiels Manifeste Sans programme pas de protection animale digne de [&hellip;]<\/p>\n","protected":false},"author":1,"featured_media":11992,"parent":0,"menu_order":0,"comment_status":"closed","ping_status":"closed","template":"","meta":{"jetpack_post_was_ever_published":false,"footnotes":""},"class_list":["post-8998","page","type-page","status-publish","has-post-thumbnail","hentry"],"jetpack-related-posts":[],"jetpack_sharing_enabled":true,"_links":{"self":[{"href":"https:\/\/ffpanimale.fr\/index.php?rest_route=\/wp\/v2\/pages\/8998","targetHints":{"allow":["GET"]}}],"collection":[{"href":"https:\/\/ffpanimale.fr\/index.php?rest_route=\/wp\/v2\/pages"}],"about":[{"href":"https:\/\/ffpanimale.fr\/index.php?rest_route=\/wp\/v2\/types\/page"}],"author":[{"embeddable":true,"href":"https:\/\/ffpanimale.fr\/index.php?rest_route=\/wp\/v2\/users\/1"}],"replies":[{"embeddable":true,"href":"https:\/\/ffpanimale.fr\/index.php?rest_route=%2Fwp%2Fv2%2Fcomments&post=8998"}],"version-history":[{"count":33,"href":"https:\/\/ffpanimale.fr\/index.php?rest_route=\/wp\/v2\/pages\/8998\/revisions"}],"predecessor-version":[{"id":14576,"href":"https:\/\/ffpanimale.fr\/index.php?rest_route=\/wp\/v2\/pages\/8998\/revisions\/14576"}],"wp:featuredmedia":[{"embeddable":true,"href":"https:\/\/ffpanimale.fr\/index.php?rest_route=\/wp\/v2\/media\/11992"}],"wp:attachment":[{"href":"https:\/\/ffpanimale.fr\/index.php?rest_route=%2Fwp%2Fv2%2Fmedia&parent=8998"}],"curies":[{"name":"wp","href":"https:\/\/api.w.org\/{rel}","templated":true}]}}