{"id":8638,"date":"2017-11-18T18:25:25","date_gmt":"2017-11-18T17:25:25","guid":{"rendered":"http:\/\/www.ffpanimale.fr\/?page_id=8638"},"modified":"2025-02-22T19:09:57","modified_gmt":"2025-02-22T18:09:57","slug":"contact","status":"publish","type":"page","link":"https:\/\/ffpanimale.fr\/?page_id=8638","title":{"rendered":"Contactez nous"},"content":{"rendered":"\n<hr class=\"wp-block-separator has-css-opacity\"\/>\n\n\n\n<figure class=\"wp-block-image size-large\"><img data-recalc-dims=\"1\" loading=\"lazy\" decoding=\"async\" width=\"810\" height=\"456\" src=\"https:\/\/i0.wp.com\/ffpanimale.fr\/wp-content\/uploads\/2025\/02\/CONTACTEZ-NOUS.png?resize=810%2C456&#038;ssl=1\" alt=\"\" class=\"wp-image-14125\" srcset=\"https:\/\/i0.wp.com\/ffpanimale.fr\/wp-content\/uploads\/2025\/02\/CONTACTEZ-NOUS.png?resize=1024%2C576&amp;ssl=1 1024w, https:\/\/i0.wp.com\/ffpanimale.fr\/wp-content\/uploads\/2025\/02\/CONTACTEZ-NOUS.png?resize=300%2C169&amp;ssl=1 300w, https:\/\/i0.wp.com\/ffpanimale.fr\/wp-content\/uploads\/2025\/02\/CONTACTEZ-NOUS.png?resize=768%2C432&amp;ssl=1 768w, https:\/\/i0.wp.com\/ffpanimale.fr\/wp-content\/uploads\/2025\/02\/CONTACTEZ-NOUS.png?resize=800%2C450&amp;ssl=1 800w, https:\/\/i0.wp.com\/ffpanimale.fr\/wp-content\/uploads\/2025\/02\/CONTACTEZ-NOUS.png?resize=135%2C75&amp;ssl=1 135w, https:\/\/i0.wp.com\/ffpanimale.fr\/wp-content\/uploads\/2025\/02\/CONTACTEZ-NOUS.png?resize=1320%2C743&amp;ssl=1 1320w, https:\/\/i0.wp.com\/ffpanimale.fr\/wp-content\/uploads\/2025\/02\/CONTACTEZ-NOUS.png?w=1536&amp;ssl=1 1536w\" sizes=\"auto, (max-width: 810px) 100vw, 810px\" \/><\/figure>\n\n\n\n<hr class=\"wp-block-separator has-alpha-channel-opacity\"\/>\n\n\n\n<hr class=\"wp-block-separator has-alpha-channel-opacity\"\/>\n\n\n\n<figure class=\"wp-block-image size-full\"><img data-recalc-dims=\"1\" decoding=\"async\" src=\"https:\/\/i0.wp.com\/ffpanimale.fr\/wp-content\/uploads\/2023\/09\/3-4.jpg?w=810&#038;ssl=1\" alt=\"\" class=\"wp-image-13364\"\/><\/figure>\n\n\n\n<hr class=\"wp-block-separator has-alpha-channel-opacity\"\/>\n\n\n\n<blockquote class=\"wp-block-quote has-text-align-center is-layout-flow wp-block-quote-is-layout-flow\">\n<p><strong>Suite aux nombreuses demandes d&rsquo;aides et de signalements nous avons modifi\u00e9 notre formulaire de contact toutes les informations marqu\u00e9es (requis) sont obligatoires. En effet, nous ne prenons en compte que les courriels des personnes morales et physiques d\u00e9clinant leurs identit\u00e9s. Nous vous rappelons que les donn\u00e9es sont en conformit\u00e9 avec les nouvelles r\u00e8gles RGPD et avec la CNIL.<\/strong><\/p>\n<\/blockquote>\n\n\n\n<blockquote class=\"wp-block-quote has-text-align-center is-layout-flow wp-block-quote-is-layout-flow\">\n<p><em>Dans le cas d&rsquo;une demande d&rsquo;aide et ou d&rsquo;un signalement merci de cliquer <\/em><a rel=\"noreferrer noopener\" href=\"http:\/\/www.ffpanimale.fr\/demande-daide\/\" target=\"_blank\"><strong>ici<\/strong><\/a><\/p>\n<cite><a href=\"https:\/\/ffpanimale.fr\/\" target=\"_blank\" rel=\"noreferrer noopener\">ffpanimale.fr<\/a><\/cite><\/blockquote>\n\n\n\n<hr class=\"wp-block-separator has-css-opacity\"\/>\n\n\n\n<p class=\"has-text-align-center\">\n<div class=\"wpcf7 no-js\" id=\"wpcf7-f794-o1\" lang=\"fr-FR\" dir=\"ltr\" data-wpcf7-id=\"794\">\n<div class=\"screen-reader-response\"><p role=\"status\" aria-live=\"polite\" aria-atomic=\"true\"><\/p> <ul><\/ul><\/div>\n<form action=\"\/index.php?rest_route=%2Fwp%2Fv2%2Fpages%2F8638#wpcf7-f794-o1\" method=\"post\" class=\"wpcf7-form init\" aria-label=\"Formulaire de contact\" enctype=\"multipart\/form-data\" novalidate=\"novalidate\" data-status=\"init\">\n<fieldset class=\"hidden-fields-container\"><input type=\"hidden\" name=\"_wpcf7\" value=\"794\" \/><input type=\"hidden\" name=\"_wpcf7_version\" value=\"6.1.5\" \/><input type=\"hidden\" name=\"_wpcf7_locale\" value=\"fr_FR\" \/><input type=\"hidden\" name=\"_wpcf7_unit_tag\" value=\"wpcf7-f794-o1\" \/><input type=\"hidden\" name=\"_wpcf7_container_post\" value=\"0\" \/><input type=\"hidden\" name=\"_wpcf7_posted_data_hash\" value=\"\" \/><input type=\"hidden\" name=\"_wpcf7_recaptcha_response\" value=\"\" \/>\n<\/fieldset>\n<p><label>D\u00e9stinataire (Plusieurs choix possibles)<br \/>\n<span class=\"wpcf7-form-control-wrap\" data-name=\"your-recipient\"><select class=\"wpcf7-form-control wpcf7-select wpcf7-validates-as-required\" aria-required=\"true\" aria-invalid=\"false\" name=\"your-recipient\"><option value=\"Affiliations\">Affiliations<\/option><option value=\"Avocat\">Avocat<\/option><option value=\"Boutique\">Boutique<\/option><option value=\"Comit\u00e9 d&#039;\u00e9thique\">Comit\u00e9 d&#039;\u00e9thique<\/option><option value=\"Communication\">Communication<\/option><option value=\"Comptabilit\u00e9\">Comptabilit\u00e9<\/option><option value=\"Contact\">Contact<\/option><option value=\"D\u00e9l\u00e9gations\">D\u00e9l\u00e9gations<\/option><option value=\"Pr\u00e9sident\">Pr\u00e9sident<\/option><option value=\"Secr\u00e9tariat\">Secr\u00e9tariat<\/option><option value=\"Signalements\">Signalements<\/option><option value=\"Webmaster\">Webmaster<\/option><\/select><\/span><\/label>\n<\/p>\n<p><label> Nom et Pr\u00e9nom (requis)<br \/>\n<span class=\"wpcf7-form-control-wrap\" data-name=\"your-name\"><input size=\"40\" maxlength=\"400\" class=\"wpcf7-form-control wpcf7-text wpcf7-validates-as-required\" aria-required=\"true\" aria-invalid=\"false\" value=\"\" type=\"text\" name=\"your-name\" \/><\/span> <\/label>\n<\/p>\n<p><label> Votre Email (requis)<br \/>\n<span class=\"wpcf7-form-control-wrap\" data-name=\"your-email\"><input size=\"40\" maxlength=\"400\" class=\"wpcf7-form-control wpcf7-email wpcf7-validates-as-required wpcf7-text wpcf7-validates-as-email\" aria-required=\"true\" aria-invalid=\"false\" value=\"\" type=\"email\" name=\"your-email\" \/><\/span> <\/label>\n<\/p>\n<p><label> Votre num\u00e9ro de t\u00e9l\u00e9phone (requis)<br \/>\n<span class=\"wpcf7-form-control-wrap\" data-name=\"your-subject\"><input size=\"40\" maxlength=\"400\" class=\"wpcf7-form-control wpcf7-text wpcf7-validates-as-required\" aria-required=\"true\" aria-invalid=\"false\" value=\"\" type=\"text\" name=\"your-subject\" \/><\/span> <\/label>\n<\/p>\n<p><label> Votre adresse (requis)<br \/>\n<span class=\"wpcf7-form-control-wrap\" data-name=\"your-subject\"><input size=\"40\" maxlength=\"400\" class=\"wpcf7-form-control wpcf7-text wpcf7-validates-as-required\" aria-required=\"true\" aria-invalid=\"false\" value=\"\" type=\"text\" name=\"your-subject\" \/><\/span> <\/label>\n<\/p>\n<p><label>Pi\u00e8ce-jointe si n\u00e9cessaire :<\/label><br \/>\n<span class=\"wpcf7-form-control-wrap\" data-name=\"fichier-joint\"><input size=\"40\" class=\"wpcf7-form-control wpcf7-file upload\" id=\"fichierjoint\" accept=\".pdf\" aria-invalid=\"false\" type=\"file\" name=\"fichier-joint\" \/><\/span><br \/>\n<label>Formats de fichiers support\u00e9s : pdf (8096 kb) <\/label>\n<\/p>\n<p><label> Sujet (requis)<br \/>\n<span class=\"wpcf7-form-control-wrap\" data-name=\"your-subject\"><input size=\"40\" maxlength=\"400\" class=\"wpcf7-form-control wpcf7-text wpcf7-validates-as-required\" aria-required=\"true\" aria-invalid=\"false\" value=\"\" type=\"text\" name=\"your-subject\" \/><\/span> <\/label>\n<\/p>\n<p><label> Votre message (requis)<br \/>\n<span class=\"wpcf7-form-control-wrap\" data-name=\"your-message\"><textarea cols=\"40\" rows=\"10\" maxlength=\"2000\" class=\"wpcf7-form-control wpcf7-textarea wpcf7-validates-as-required\" aria-required=\"true\" aria-invalid=\"false\" name=\"your-message\"><\/textarea><\/span> <\/label>\n<\/p>\n<p><input type=\"hidden\" name=\"_wpcf7_captcha_challenge_captcha-778\" value=\"3722076879\" \/><img data-recalc-dims=\"1\" loading=\"lazy\" decoding=\"async\" class=\"wpcf7-form-control wpcf7-captchac wpcf7-captcha-captcha-778\" width=\"60\" height=\"20\" alt=\"captcha\" src=\"https:\/\/i0.wp.com\/ffpanimale.fr\/wp-content\/uploads\/wpcf7_captcha\/3722076879.png?resize=60%2C20&#038;ssl=1\" \/><br \/>\n<span class=\"wpcf7-form-control-wrap\" data-name=\"captcha-778\"><input size=\"4\" maxlength=\"4\" class=\"wpcf7-form-control wpcf7-captchar\" autocomplete=\"off\" aria-invalid=\"false\" value=\"\" type=\"text\" name=\"captcha-778\" \/><\/span>\n<\/p>\n<p><input class=\"wpcf7-form-control wpcf7-submit has-spinner\" type=\"submit\" value=\"Send\" \/>\n<\/p><div class=\"wpcf7-response-output\" aria-hidden=\"true\"><\/div>\n<\/form>\n<\/div>\n<\/p>\n","protected":false},"excerpt":{"rendered":"<p>Suite aux nombreuses demandes d&rsquo;aides et de signalements nous avons modifi\u00e9 notre formulaire de contact toutes les informations marqu\u00e9es (requis) sont obligatoires. En effet, nous ne prenons en compte que [&hellip;]<\/p>\n","protected":false},"author":1,"featured_media":0,"parent":0,"menu_order":0,"comment_status":"closed","ping_status":"closed","template":"","meta":{"jetpack_post_was_ever_published":false,"footnotes":""},"class_list":["post-8638","page","type-page","status-publish","hentry"],"jetpack-related-posts":[],"jetpack_sharing_enabled":true,"_links":{"self":[{"href":"https:\/\/ffpanimale.fr\/index.php?rest_route=\/wp\/v2\/pages\/8638","targetHints":{"allow":["GET"]}}],"collection":[{"href":"https:\/\/ffpanimale.fr\/index.php?rest_route=\/wp\/v2\/pages"}],"about":[{"href":"https:\/\/ffpanimale.fr\/index.php?rest_route=\/wp\/v2\/types\/page"}],"author":[{"embeddable":true,"href":"https:\/\/ffpanimale.fr\/index.php?rest_route=\/wp\/v2\/users\/1"}],"replies":[{"embeddable":true,"href":"https:\/\/ffpanimale.fr\/index.php?rest_route=%2Fwp%2Fv2%2Fcomments&post=8638"}],"version-history":[{"count":2,"href":"https:\/\/ffpanimale.fr\/index.php?rest_route=\/wp\/v2\/pages\/8638\/revisions"}],"predecessor-version":[{"id":14127,"href":"https:\/\/ffpanimale.fr\/index.php?rest_route=\/wp\/v2\/pages\/8638\/revisions\/14127"}],"wp:attachment":[{"href":"https:\/\/ffpanimale.fr\/index.php?rest_route=%2Fwp%2Fv2%2Fmedia&parent=8638"}],"curies":[{"name":"wp","href":"https:\/\/api.w.org\/{rel}","templated":true}]}}