{"id":7803,"date":"2017-02-10T23:45:22","date_gmt":"2017-02-10T22:45:22","guid":{"rendered":"http:\/\/www.ffpanimale.fr\/?page_id=7803"},"modified":"2026-01-01T14:48:11","modified_gmt":"2026-01-01T13:48:11","slug":"qui-sommes-nous","status":"publish","type":"page","link":"https:\/\/ffpanimale.fr\/?page_id=7803","title":{"rendered":"A Propos"},"content":{"rendered":"\n<hr class=\"wp-block-separator has-css-opacity is-style-default\"\/>\n\n\n\n<figure class=\"wp-block-image size-large\"><img data-recalc-dims=\"1\" loading=\"lazy\" decoding=\"async\" width=\"810\" height=\"456\" src=\"https:\/\/i0.wp.com\/ffpanimale.fr\/wp-content\/uploads\/2022\/10\/A-Propos-2.jpg?resize=810%2C456&#038;ssl=1\" alt=\"\" class=\"wp-image-12432\" srcset=\"https:\/\/i0.wp.com\/ffpanimale.fr\/wp-content\/uploads\/2022\/10\/A-Propos-2.jpg?resize=1024%2C576&amp;ssl=1 1024w, https:\/\/i0.wp.com\/ffpanimale.fr\/wp-content\/uploads\/2022\/10\/A-Propos-2.jpg?resize=300%2C169&amp;ssl=1 300w, https:\/\/i0.wp.com\/ffpanimale.fr\/wp-content\/uploads\/2022\/10\/A-Propos-2.jpg?resize=768%2C432&amp;ssl=1 768w, https:\/\/i0.wp.com\/ffpanimale.fr\/wp-content\/uploads\/2022\/10\/A-Propos-2.jpg?resize=135%2C75&amp;ssl=1 135w, https:\/\/i0.wp.com\/ffpanimale.fr\/wp-content\/uploads\/2022\/10\/A-Propos-2.jpg?w=1280&amp;ssl=1 1280w\" sizes=\"auto, (max-width: 810px) 100vw, 810px\" \/><\/figure>\n\n\n\n<hr class=\"wp-block-separator has-css-opacity is-style-default\"\/>\n\n\n\n<p class=\"has-text-align-justify\">La F\u00e9d\u00e9ration \u00e0 \u00e9t\u00e9 officialis\u00e9e le <strong><span class=\"has-inline-color has-primary-color\">5 janvier 2012 <\/span><\/strong>et est enregistr\u00e9e \u00e0 la Direction D\u00e9partementale de la Coh\u00e9sion Sociale de Beauvais (60), son si\u00e8ge social est bas\u00e9 dans les Hauts de France. (ATTENTION NOUS NE SOMMES PAS UN REFUGE, AUCUN ACCUEIL D&rsquo;ANIMAUX).<\/p>\n\n\n\n<p class=\"has-text-align-justify\">La <strong>F<\/strong>\u00e9d\u00e9ration <strong>F<\/strong>ran\u00e7aise de la <strong>P<\/strong>rotection <strong>A<\/strong>nimale est n\u00e9e d&rsquo;un grave constat d&rsquo;\u00e9chec d\u00fb aux manques de jonctions entre les diff\u00e9rents acteurs de la protection animale.<\/p>\n\n\n\n<p>L&rsquo;id\u00e9e g\u00e9n\u00e9rale de la <strong>FFPAnimale<\/strong> est un regroupement d&rsquo;associations de Protection Animale, de professionnels en rapport avec les animaux (V\u00e9t\u00e9rinaires, Educateurs, Responsables Associatifs &#8230;.).<\/p>\n\n\n\n<p class=\"has-text-align-justify\">Nous apportons des services aux membres afin de les aider au quotidien dans la vie de leurs associations, et structures sur diff\u00e9rents&nbsp; points tels que (comptabilit\u00e9, l&rsquo;assistance juridique, soutien administratif, mise en place d&rsquo;\u00e9v\u00e8nements dans le but de r\u00e9colter des fonds, de la nourriture et du mat\u00e9riels &#8230;etc.)<\/p>\n\n\n\n<p class=\"has-text-align-justify\">Ces services sont soumis \u00e0 une <a rel=\"noreferrer noopener\" href=\"https:\/\/ffpanimale.fr\/espace-adherents\/\" target=\"_blank\">cotisation <\/a> qui est non-contraignante. Le but \u00e9tant de soutenir, mettre en avant, guider conseiller accompagner.<\/p>\n\n\n\n<p class=\"has-text-align-justify\">Afin d&rsquo;accomplir ce travail consid\u00e9rable nous recrutons toute l&rsquo;ann\u00e9e des d\u00e9l\u00e9gu\u00e9s sur toute la France qui auront pour mission premi\u00e8re de recenser les associations, refuges, les professionnels et les particuliers afin de leur proposer de devenir adh\u00e9rents, affili\u00e9s et ou partenaires.<\/p>\n\n\n\n<p class=\"has-text-align-justify\">D&rsquo;autres missions seront aussi demander \u00e0 ces d\u00e9l\u00e9gu\u00e9.e.s. Ces derniers peuvent aussi nous faire part de leurs projets et nous mettrons en commun afin de d\u00e9velopper ces dits projets.<\/p>\n\n\n\n<p class=\"has-text-align-justify\">Par ailleurs des projets sont mis en places en collaboration avec les adh\u00e9rent.e.s, affili\u00e9.e.s et ou partenaires, tel que des groupes de r\u00e9flexions autour des sujets qui touchent la cause animale.<\/p>\n\n\n\n<p class=\"has-text-align-justify\">Ces groupes ont pour mission de r\u00e9fl\u00e9chir sur les sujets propos\u00e9s et de trouver des solutions efficaces et concr\u00e8tes afin que les responsables de la <strong>FFPAnimale<\/strong> puissent discuter avec les maires, parlementaires et autres acteurs de la vie politique afin de faire \u00e9voluer les conditions des animaux, et leurs donner des droits juridiques.<\/p>\n\n\n\n<p class=\"has-text-align-justify\">Mais comme vous le savez pour cela il faudrait que nous soyons des milliers, voir des, millions, mais nous ne d\u00e9sesp\u00e9rons pas, les chasseurs ont bien su le faire, eux!!! Soyons une F\u00e9d\u00e9ration faisant du Lobbying positif en faveur du Bien Etre Animal le respect des Institutions de la R\u00e9publique et des Lois et R\u00e8glementations en vigueur.<\/p>\n\n\n\n<p class=\"has-text-align-justify\">Nous voulons aussi agir afin&nbsp; que l&rsquo;opinion publique change et \u00e9volue.<\/p>\n\n\n\n<p>Nous nous engageons aussi \u00e0 lutter contre toutes formes de maltraitance envers tous les animaux.<\/p>\n\n\n\n<p class=\"has-text-align-right\"><strong><span style=\"color:#ea0b0f\" class=\"has-inline-color\">Les Membres du Conseil d&rsquo;Administration<\/span><\/strong><\/p>\n","protected":false},"excerpt":{"rendered":"<p>La F\u00e9d\u00e9ration \u00e0 \u00e9t\u00e9 officialis\u00e9e le 5 janvier 2012 et est enregistr\u00e9e \u00e0 la Direction D\u00e9partementale de la Coh\u00e9sion Sociale de Beauvais (60), son si\u00e8ge social est bas\u00e9 dans les [&hellip;]<\/p>\n","protected":false},"author":1,"featured_media":0,"parent":0,"menu_order":0,"comment_status":"closed","ping_status":"closed","template":"","meta":{"jetpack_post_was_ever_published":false,"footnotes":""},"class_list":["post-7803","page","type-page","status-publish","hentry"],"jetpack-related-posts":[],"jetpack_sharing_enabled":true,"_links":{"self":[{"href":"https:\/\/ffpanimale.fr\/index.php?rest_route=\/wp\/v2\/pages\/7803","targetHints":{"allow":["GET"]}}],"collection":[{"href":"https:\/\/ffpanimale.fr\/index.php?rest_route=\/wp\/v2\/pages"}],"about":[{"href":"https:\/\/ffpanimale.fr\/index.php?rest_route=\/wp\/v2\/types\/page"}],"author":[{"embeddable":true,"href":"https:\/\/ffpanimale.fr\/index.php?rest_route=\/wp\/v2\/users\/1"}],"replies":[{"embeddable":true,"href":"https:\/\/ffpanimale.fr\/index.php?rest_route=%2Fwp%2Fv2%2Fcomments&post=7803"}],"version-history":[{"count":1,"href":"https:\/\/ffpanimale.fr\/index.php?rest_route=\/wp\/v2\/pages\/7803\/revisions"}],"predecessor-version":[{"id":14545,"href":"https:\/\/ffpanimale.fr\/index.php?rest_route=\/wp\/v2\/pages\/7803\/revisions\/14545"}],"wp:attachment":[{"href":"https:\/\/ffpanimale.fr\/index.php?rest_route=%2Fwp%2Fv2%2Fmedia&parent=7803"}],"curies":[{"name":"wp","href":"https:\/\/api.w.org\/{rel}","templated":true}]}}