{"id":4864,"date":"2016-02-06T01:44:02","date_gmt":"2016-02-06T00:44:02","guid":{"rendered":"http:\/\/www.ffpanimale.fr\/?page_id=4864"},"modified":"2023-01-26T16:07:34","modified_gmt":"2023-01-26T15:07:34","slug":"mentions-legales","status":"publish","type":"page","link":"https:\/\/ffpanimale.fr\/?page_id=4864","title":{"rendered":"Mentions l\u00e9gales"},"content":{"rendered":"<p>Le site www.ffpanimale.fr est \u00e9dit\u00e9 par<\/p>\n<p><strong><span style=\"color: #000080;\">FEDERATION FRANCAISE DE LA PROTECTION ANIMALE<\/span><\/strong><br \/>\nD\u00e9clar\u00e9e \u00e0 la Direction D\u00e9partementale de la Coh\u00e9sion Sociale de Beauvais Oise<br \/>\nSous le num\u00e9ro : W453001409 &#8211; SIRET : 749 869 954 00026<br \/>\n87 Grande Rue &#8211; 60650 Hanvoile &#8211; France.<br \/>\n03 60 17 31 91 \/ 06 98 72 18 88<\/p>\n<p>Le directeur de la publication est <strong>Sylvain DUMONT-AMREIN<\/strong><\/p>\n<p>Le site www.ffpanimale.fr est h\u00e9berg\u00e9 par<\/p>\n<p><span style=\"color: #000080;\"><strong>OVH<\/strong><\/span><br \/>\nSAS au capital de <span class=\"st\">10 059 500 \u20ac RCS<\/span><br \/>\nRCS Lille M\u00e9tropole 424 761 419 00045<br \/>\nCode APE 6202A<br \/>\nN\u00b0 TVA : FR 22 424 761 419<br \/>\nSi\u00e8ge social : 2 rue Kellermann &#8211; 59100 Roubaix &#8211; France.<\/p>\n<p>Ce site respecte le droit d&rsquo;auteur. Tous les droits des auteurs des \u0153uvres prot\u00e9g\u00e9es reproduites et communiqu\u00e9es sur ce site, sont r\u00e9serv\u00e9s. Sauf autorisation, toute utilisation des \u0153uvres autres que la reproduction et la consultation individuelles et priv\u00e9es sont interdites.<\/p>\n<p>Ce site respecte la r\u00e8glementation en vigueur selon la <a href=\"https:\/\/www.cnil.fr\/fr\/loi-78-17-du-6-janvier-1978-modifiee\" target=\"_blank\" rel=\"noopener\">Loi n\u00b0 78-17 du 6 janvier 1978 relative \u00e0 l&rsquo;informatique, aux fichiers et aux libert\u00e9s\u00a0<\/a><\/p>\n<p>Ce site respecte la r\u00e8glementation en vigueur selon le <a href=\"https:\/\/www.cnil.fr\/fr\/reglement-europeen-protection-donnees\" target=\"_blank\" rel=\"noopener\">R\u00e8glement (UE) 2016\/679 du Parlement europ\u00e9en et du Conseil du 27 avril 2016<\/a><\/p>\n<p>Ce site respecte la r\u00e8glementation en vigueur selon la\u00a0 <a href=\"https:\/\/eur-lex.europa.eu\/legal-content\/FR\/TXT\/HTML\/?uri=CELEX:32016L0680&amp;from=FR\" target=\"_blank\" rel=\"noopener\">DIRECTIVE (UE) 2016\/680 DU PARLEMENT EUROP\u00c9EN ET DU CONSEIL<\/a><\/p>\n<p>Ce site respecte la r\u00e8glementation en vigueur selon le <a href=\"https:\/\/www.cnil.fr\/fr\/le-reglement-europeen-sur-la-protection-des-donnees-en-dataviz\" target=\"_blank\" rel=\"noopener\">Le r\u00e8glement europ\u00e9en sur la protection des donn\u00e9es en dataviz<\/a><\/p>\n<p>La F\u00e9d\u00e9ration Fran\u00e7aise de la Protection Animale \u00e0 d\u00e9sign\u00e9 Monsieur Arnaud Guillon au poste de D\u00e9l\u00e9gu\u00e9 \u00e0 la Protection des Donn\u00e9es le registre est \u00e0 la disposition de la CNIL.<\/p>\n","protected":false},"excerpt":{"rendered":"<p>Le site www.ffpanimale.fr est \u00e9dit\u00e9 par FEDERATION FRANCAISE DE LA PROTECTION ANIMALE D\u00e9clar\u00e9e \u00e0 la Direction D\u00e9partementale de la Coh\u00e9sion Sociale de Beauvais Oise Sous le num\u00e9ro : W453001409 &#8211; [&hellip;]<\/p>\n","protected":false},"author":2,"featured_media":0,"parent":0,"menu_order":0,"comment_status":"closed","ping_status":"closed","template":"","meta":{"jetpack_post_was_ever_published":false,"footnotes":""},"class_list":["post-4864","page","type-page","status-publish","hentry"],"jetpack-related-posts":[],"jetpack_sharing_enabled":true,"_links":{"self":[{"href":"https:\/\/ffpanimale.fr\/index.php?rest_route=\/wp\/v2\/pages\/4864","targetHints":{"allow":["GET"]}}],"collection":[{"href":"https:\/\/ffpanimale.fr\/index.php?rest_route=\/wp\/v2\/pages"}],"about":[{"href":"https:\/\/ffpanimale.fr\/index.php?rest_route=\/wp\/v2\/types\/page"}],"author":[{"embeddable":true,"href":"https:\/\/ffpanimale.fr\/index.php?rest_route=\/wp\/v2\/users\/2"}],"replies":[{"embeddable":true,"href":"https:\/\/ffpanimale.fr\/index.php?rest_route=%2Fwp%2Fv2%2Fcomments&post=4864"}],"version-history":[{"count":0,"href":"https:\/\/ffpanimale.fr\/index.php?rest_route=\/wp\/v2\/pages\/4864\/revisions"}],"wp:attachment":[{"href":"https:\/\/ffpanimale.fr\/index.php?rest_route=%2Fwp%2Fv2%2Fmedia&parent=4864"}],"curies":[{"name":"wp","href":"https:\/\/api.w.org\/{rel}","templated":true}]}}