{"id":14359,"date":"2025-08-25T10:35:18","date_gmt":"2025-08-25T08:35:18","guid":{"rendered":"https:\/\/ffpanimale.fr\/?page_id=14359"},"modified":"2025-12-09T08:58:09","modified_gmt":"2025-12-09T07:58:09","slug":"perdu","status":"publish","type":"page","link":"https:\/\/ffpanimale.fr\/?page_id=14359","title":{"rendered":"J&rsquo;ai Perdu \/ Vu un animal"},"content":{"rendered":"\n<hr class=\"wp-block-separator has-alpha-channel-opacity\"\/>\n\n\n\n<figure class=\"wp-block-image size-full is-resized\"><img data-recalc-dims=\"1\" loading=\"lazy\" decoding=\"async\" width=\"810\" height=\"540\" src=\"https:\/\/i0.wp.com\/ffpanimale.fr\/wp-content\/uploads\/2025\/12\/Logo_LostHim_horinzontal.png?resize=810%2C540&#038;ssl=1\" alt=\"\" class=\"wp-image-14458\" style=\"aspect-ratio:1.5004605208071673;width:437px;height:auto\" srcset=\"https:\/\/i0.wp.com\/ffpanimale.fr\/wp-content\/uploads\/2025\/12\/Logo_LostHim_horinzontal.png?w=1772&amp;ssl=1 1772w, https:\/\/i0.wp.com\/ffpanimale.fr\/wp-content\/uploads\/2025\/12\/Logo_LostHim_horinzontal.png?resize=300%2C200&amp;ssl=1 300w, https:\/\/i0.wp.com\/ffpanimale.fr\/wp-content\/uploads\/2025\/12\/Logo_LostHim_horinzontal.png?resize=1024%2C682&amp;ssl=1 1024w, https:\/\/i0.wp.com\/ffpanimale.fr\/wp-content\/uploads\/2025\/12\/Logo_LostHim_horinzontal.png?resize=768%2C512&amp;ssl=1 768w, https:\/\/i0.wp.com\/ffpanimale.fr\/wp-content\/uploads\/2025\/12\/Logo_LostHim_horinzontal.png?resize=1536%2C1024&amp;ssl=1 1536w, https:\/\/i0.wp.com\/ffpanimale.fr\/wp-content\/uploads\/2025\/12\/Logo_LostHim_horinzontal.png?resize=1320%2C880&amp;ssl=1 1320w, https:\/\/i0.wp.com\/ffpanimale.fr\/wp-content\/uploads\/2025\/12\/Logo_LostHim_horinzontal.png?w=1620&amp;ssl=1 1620w\" sizes=\"auto, (max-width: 810px) 100vw, 810px\" \/><\/figure>\n\n\n\n<hr class=\"wp-block-separator has-alpha-channel-opacity\"\/>\n\n\n\n<blockquote class=\"wp-block-quote is-layout-flow wp-block-quote-is-layout-flow\">\n<h1 class=\"wp-block-heading\">Lost\u2019Him : l\u2019application 100% gratuite qui mobilise toute une communaut\u00e9 pour retrouver les animaux perdus<\/h1>\n\n\n\n<p>La FFPA est heureuse de mettre en lumi\u00e8re Lost\u2019Him, une application fran\u00e7aise innovante con\u00e7ue pour aider les animaux perdus \u00e0 retrouver rapidement leur foyer, gr\u00e2ce \u00e0 la solidarit\u00e9 et \u00e0 la r\u00e9activit\u00e9 des citoyens.<\/p>\n\n\n\n<p>Cr\u00e9\u00e9e par D\u00e9borah Eeckman et Michael Bouhier, Lost\u2019Him est n\u00e9e d\u2019une histoire personnelle forte<\/p>\n\n\n\n<p>: la disparition du chat de D\u00e9borah, O\u2019Malley, il y a 12 ans. Malgr\u00e9 les d\u00e9marches officielles, O\u2019Malley n\u2019a jamais \u00e9t\u00e9 retrouv\u00e9. Depuis, le couple croise r\u00e9guli\u00e8rement des animaux errants sans pouvoir toujours les secourir.<\/p>\n\n\n\n<p>Face \u00e0 ce constat, ils ont d\u00e9cid\u00e9 de cr\u00e9er un outil simple, puissant et accessible \u00e0 tous.<\/p>\n\n\n\n<p>Une application gratuite, sans compte, pens\u00e9e pour tous<\/p>\n\n\n\n<p>Lost\u2019Him est 100% gratuite, sans cr\u00e9ation de compte, et fonctionne gr\u00e2ce \u00e0 la participation de chacun : propri\u00e9taires, voisins, b\u00e9n\u00e9voles, associations, v\u00e9t\u00e9rinaires, refuges, gendarmes et collectivit\u00e9s.<\/p>\n\n\n\n<p>Elle permet de :<\/p>\n\n\n\n<p><img loading=\"lazy\" decoding=\"async\" width=\"14\" height=\"14\" src=\"blob:https:\/\/ffpanimale.fr\/495a7323-da30-45fc-b798-012d04b75649\">&nbsp;Signaler en quelques secondes un animal perdu, trouv\u00e9 ou aper\u00e7u<\/p>\n\n\n\n<p><img loading=\"lazy\" decoding=\"async\" width=\"14\" height=\"14\" src=\"blob:https:\/\/ffpanimale.fr\/ab3cdef3-a547-44ce-975e-178901e7b89a\">&nbsp;Alerter imm\u00e9diatement les personnes \u00e0 proximit\u00e9 gr\u00e2ce aux notifications g\u00e9olocalis\u00e9es <img loading=\"lazy\" decoding=\"async\" width=\"14\" height=\"14\" src=\"blob:https:\/\/ffpanimale.fr\/5e565eb7-4904-4dbc-8947-8f6136b869aa\">&nbsp;Consulter une carte interactive mise \u00e0 jour en temps r\u00e9el<\/p>\n\n\n\n<p><img loading=\"lazy\" decoding=\"async\" width=\"14\" height=\"14\" src=\"blob:https:\/\/ffpanimale.fr\/409900df-93ef-4d65-8ab1-bdd3bf8135f0\">&nbsp;Comparer les signalements via le syst\u00e8me Pet Match <img loading=\"lazy\" decoding=\"async\" width=\"14\" height=\"14\" src=\"blob:https:\/\/ffpanimale.fr\/8893e6a4-7827-4652-b160-aaa0531347f9\">&nbsp;\u00c9changer directement gr\u00e2ce au chat int\u00e9gr\u00e9<\/p>\n\n\n\n<p>Disponible en 6 langues (fran\u00e7ais, anglais, allemand, espagnol, italien et portugais), Lost\u2019Him fonctionne partout dans le monde. Une marraine engag\u00e9e : Sophie Vouzelaud<\/p>\n\n\n\n<p>\u00a0Une mission simple : que chaque animal perdu ait une chance d\u2019\u00eatre retrouv\u00e9<\/p>\n\n\n\n<p>Lost\u2019Him repose sur une conviction : ensemble, nous pouvons sauver des vies.<\/p>\n\n\n\n<p>En renfor\u00e7ant le r\u00e9seau de vigilance local, l\u2019application permet d\u2019augmenter consid\u00e9rablement les chances de retrouver un animal disparu.<\/p>\n\n\n\n<p><img loading=\"lazy\" decoding=\"async\" width=\"17\" height=\"19\" src=\"blob:https:\/\/ffpanimale.fr\/e1ddda1d-e3a3-41ca-a2d2-bec1835b2cc7\">&nbsp;T\u00e9l\u00e9chargement gratuit : https:\/\/losthim.app\/fr<\/p>\n<\/blockquote>\n\n\n\n<hr class=\"wp-block-separator has-alpha-channel-opacity\"\/>\n\n\n\n<div data-wp-interactive=\"core\/file\" class=\"wp-block-file\"><object data-wp-bind--hidden=\"!state.hasPdfPreview\" hidden class=\"wp-block-file__embed\" data=\"https:\/\/ffpanimale.fr\/wp-content\/uploads\/2025\/12\/Flyer.pdf\" type=\"application\/pdf\" style=\"width:100%;height:600px\" aria-label=\"Contenu embarqu\u00e9 Flyer.\"><\/object><a id=\"wp-block-file--media-59bf0e6d-52ad-4b9e-8c9d-6edfd50f013f\" href=\"https:\/\/ffpanimale.fr\/wp-content\/uploads\/2025\/12\/Flyer.pdf\">Flyer<\/a><a href=\"https:\/\/ffpanimale.fr\/wp-content\/uploads\/2025\/12\/Flyer.pdf\" class=\"wp-block-file__button wp-element-button\" download aria-describedby=\"wp-block-file--media-59bf0e6d-52ad-4b9e-8c9d-6edfd50f013f\">T\u00e9l\u00e9charger<\/a><\/div>\n\n\n\n<hr class=\"wp-block-separator has-alpha-channel-opacity\"\/>\n\n\n\n<blockquote class=\"wp-block-quote is-layout-flow wp-block-quote-is-layout-flow\">\n<p><\/p>\n<\/blockquote>\n","protected":false},"excerpt":{"rendered":"<p>Lost\u2019Him : l\u2019application 100% gratuite qui mobilise toute une communaut\u00e9 pour retrouver les animaux perdus La FFPA est heureuse de mettre en lumi\u00e8re Lost\u2019Him, une application fran\u00e7aise innovante con\u00e7ue pour [&hellip;]<\/p>\n","protected":false},"author":2,"featured_media":0,"parent":0,"menu_order":0,"comment_status":"closed","ping_status":"closed","template":"","meta":{"jetpack_post_was_ever_published":false,"footnotes":""},"class_list":["post-14359","page","type-page","status-publish","hentry"],"jetpack-related-posts":[],"jetpack_sharing_enabled":true,"_links":{"self":[{"href":"https:\/\/ffpanimale.fr\/index.php?rest_route=\/wp\/v2\/pages\/14359","targetHints":{"allow":["GET"]}}],"collection":[{"href":"https:\/\/ffpanimale.fr\/index.php?rest_route=\/wp\/v2\/pages"}],"about":[{"href":"https:\/\/ffpanimale.fr\/index.php?rest_route=\/wp\/v2\/types\/page"}],"author":[{"embeddable":true,"href":"https:\/\/ffpanimale.fr\/index.php?rest_route=\/wp\/v2\/users\/2"}],"replies":[{"embeddable":true,"href":"https:\/\/ffpanimale.fr\/index.php?rest_route=%2Fwp%2Fv2%2Fcomments&post=14359"}],"version-history":[{"count":9,"href":"https:\/\/ffpanimale.fr\/index.php?rest_route=\/wp\/v2\/pages\/14359\/revisions"}],"predecessor-version":[{"id":14470,"href":"https:\/\/ffpanimale.fr\/index.php?rest_route=\/wp\/v2\/pages\/14359\/revisions\/14470"}],"wp:attachment":[{"href":"https:\/\/ffpanimale.fr\/index.php?rest_route=%2Fwp%2Fv2%2Fmedia&parent=14359"}],"curies":[{"name":"wp","href":"https:\/\/api.w.org\/{rel}","templated":true}]}}