{"id":14147,"date":"2025-03-09T11:20:27","date_gmt":"2025-03-09T10:20:27","guid":{"rendered":"https:\/\/ffpanimale.fr\/?page_id=14147"},"modified":"2026-01-01T16:15:21","modified_gmt":"2026-01-01T15:15:21","slug":"recrutement","status":"publish","type":"page","link":"https:\/\/ffpanimale.fr\/?page_id=14147","title":{"rendered":"Recrutement"},"content":{"rendered":"\n<hr class=\"wp-block-separator has-alpha-channel-opacity\"\/>\n\n\n\n<div class=\"wp-block-media-text is-stacked-on-mobile\"><figure class=\"wp-block-media-text__media\"><a href=\"https:\/\/ffpanimale.fr\/wp-content\/uploads\/2025\/03\/FFPAnimale-Fiche-DD.pdf\" target=\"_blank\" rel=\" noreferrer noopener\"><img data-recalc-dims=\"1\" loading=\"lazy\" decoding=\"async\" width=\"683\" height=\"1024\" src=\"https:\/\/i0.wp.com\/ffpanimale.fr\/wp-content\/uploads\/2026\/01\/22253de3-c3ae-4ce0-a94d-18bf5b03df03.jpg?resize=683%2C1024&#038;ssl=1\" alt=\"\" class=\"wp-image-14581 size-full\" srcset=\"https:\/\/i0.wp.com\/ffpanimale.fr\/wp-content\/uploads\/2026\/01\/22253de3-c3ae-4ce0-a94d-18bf5b03df03.jpg?resize=683%2C1024&amp;ssl=1 683w, https:\/\/i0.wp.com\/ffpanimale.fr\/wp-content\/uploads\/2026\/01\/22253de3-c3ae-4ce0-a94d-18bf5b03df03.jpg?resize=200%2C300&amp;ssl=1 200w, https:\/\/i0.wp.com\/ffpanimale.fr\/wp-content\/uploads\/2026\/01\/22253de3-c3ae-4ce0-a94d-18bf5b03df03.jpg?resize=768%2C1152&amp;ssl=1 768w, https:\/\/i0.wp.com\/ffpanimale.fr\/wp-content\/uploads\/2026\/01\/22253de3-c3ae-4ce0-a94d-18bf5b03df03.jpg?w=832&amp;ssl=1 832w\" sizes=\"auto, (max-width: 683px) 100vw, 683px\" \/><\/a><\/figure><div class=\"wp-block-media-text__content\">\n<blockquote class=\"wp-block-quote is-layout-flow wp-block-quote-is-layout-flow\">\n<p>Nous recrutons toute l\u2019ann\u00e9e des D\u00e9l\u00e9gu\u00e9s.e.s sur toute la France<\/p>\n\n\n\n<p>Les postes \u00e0 pourvoir sont non r\u00e9mun\u00e9r\u00e9s et sous soumis \u00e0 une <a href=\"https:\/\/ffpanimale.fr\/espace-adherents\/\" target=\"_blank\" rel=\"noreferrer noopener\">cotisation annuelle<\/a>.<\/p>\n\n\n\n<p>Pour plus d&rsquo;information cliquez sur l&rsquo;image ci&rsquo;contre<\/p>\n\n\n\n<p>Si vous \u00eates int\u00e9ress\u00e9.e.s. merci de nous faire parvenir votre candidature (accompagn\u00e9e de votre CV et d\u2019une lettre de motivation) \u00e0 l\u2019adresse suivante&nbsp;: <a href=\"mailto:contact@ffpanimale.fr\">secretariat@ffpanimale.fr<\/a><\/p>\n<\/blockquote>\n<\/div><\/div>\n","protected":false},"excerpt":{"rendered":"","protected":false},"author":2,"featured_media":0,"parent":0,"menu_order":0,"comment_status":"closed","ping_status":"closed","template":"","meta":{"jetpack_post_was_ever_published":false,"footnotes":""},"class_list":["post-14147","page","type-page","status-publish","hentry"],"jetpack-related-posts":[],"jetpack_sharing_enabled":true,"_links":{"self":[{"href":"https:\/\/ffpanimale.fr\/index.php?rest_route=\/wp\/v2\/pages\/14147","targetHints":{"allow":["GET"]}}],"collection":[{"href":"https:\/\/ffpanimale.fr\/index.php?rest_route=\/wp\/v2\/pages"}],"about":[{"href":"https:\/\/ffpanimale.fr\/index.php?rest_route=\/wp\/v2\/types\/page"}],"author":[{"embeddable":true,"href":"https:\/\/ffpanimale.fr\/index.php?rest_route=\/wp\/v2\/users\/2"}],"replies":[{"embeddable":true,"href":"https:\/\/ffpanimale.fr\/index.php?rest_route=%2Fwp%2Fv2%2Fcomments&post=14147"}],"version-history":[{"count":5,"href":"https:\/\/ffpanimale.fr\/index.php?rest_route=\/wp\/v2\/pages\/14147\/revisions"}],"predecessor-version":[{"id":14585,"href":"https:\/\/ffpanimale.fr\/index.php?rest_route=\/wp\/v2\/pages\/14147\/revisions\/14585"}],"wp:attachment":[{"href":"https:\/\/ffpanimale.fr\/index.php?rest_route=%2Fwp%2Fv2%2Fmedia&parent=14147"}],"curies":[{"name":"wp","href":"https:\/\/api.w.org\/{rel}","templated":true}]}}