{"id":13754,"date":"2024-07-20T09:59:21","date_gmt":"2024-07-20T07:59:21","guid":{"rendered":"https:\/\/ffpanimale.fr\/?page_id=13754"},"modified":"2024-07-20T09:59:24","modified_gmt":"2024-07-20T07:59:24","slug":"je-depose-plainte","status":"publish","type":"page","link":"https:\/\/ffpanimale.fr\/?page_id=13754","title":{"rendered":"Je d\u00e9pose plainte"},"content":{"rendered":"\n<hr class=\"wp-block-separator has-alpha-channel-opacity\"\/>\n\n\n\n<p>Pr\u00e9-plainte en ligne (D\u00e9marche en ligne)<\/p>\n\n\n\n<p>Minist\u00e8re charg\u00e9 de l&rsquo;int\u00e9rieur<\/p>\n\n\n\n<p>Permet d&rsquo;effectuer une pr\u00e9-d\u00e9claration en ligne pour une atteinte aux biens (vol ou escroquerie par exemple) ou certains faits \u00e0 caract\u00e8re discriminatoire par un&nbsp;<strong>auteur inconnu<\/strong>.<\/p>\n\n\n\n<p>Lors de la pr\u00e9-d\u00e9claration en ligne, vous choisissez le lieu o\u00f9 vous allez signer votre d\u00e9claration dans la liste des commissariats ou gendarmeries propos\u00e9e.<\/p>\n\n\n\n<p>Vous renseignez le formulaire et validez votre saisie. Ensuite, vous \u00eates contact\u00e9 par le commissariat ou la gendarmerie choisi pour convenir d&rsquo;un rendez-vous. Vous \u00eates \u00e9galement inform\u00e9 des justificatifs (factures, pi\u00e8ce d&rsquo;identit\u00e9&#8230;.) \u00e0 joindre \u00e0 votre plainte.<\/p>\n\n\n\n<p>Pendant le rendez-vous, vous signez votre d\u00e9claration apr\u00e8s avoir fait \u00e9ventuellement des modifications.&nbsp;<strong>La plainte est alors officiellement d\u00e9pos\u00e9e.<\/strong><\/p>\n\n\n\n<p>Les policiers ou les gendarmes peuvent d\u00e9cider de conserver les \u00e9l\u00e9ments de preuve que vous apportez.<\/p>\n\n\n\n<hr class=\"wp-block-separator has-alpha-channel-opacity\"\/>\n\n\n\n<div class=\"wp-block-buttons is-layout-flex wp-container-core-buttons-is-layout-c07eda73 wp-block-buttons-is-layout-flex\">\n<div class=\"wp-block-button is-style-outline is-style-outline--1\"><a class=\"wp-block-button__link has-primary-background-color has-background has-text-align-center wp-element-button\" href=\"https:\/\/www.service-public.fr\/particuliers\/vosdroits\/R19620\" target=\"_blank\" rel=\"noreferrer noopener\"><strong>ACCEDER A LA DEMARCHE EN LIGNE<\/strong><\/a><\/div>\n<\/div>\n\n\n\n<hr class=\"wp-block-separator has-alpha-channel-opacity\"\/>\n\n\n\n<ul class=\"wp-block-list\">\n<li><strong><a href=\"https:\/\/www.service-public.fr\/\">Source : Service Public.fr<\/a><\/strong><\/li>\n<\/ul>\n\n\n\n<hr class=\"wp-block-separator has-alpha-channel-opacity\"\/>\n","protected":false},"excerpt":{"rendered":"<p>Pr\u00e9-plainte en ligne (D\u00e9marche en ligne) Minist\u00e8re charg\u00e9 de l&rsquo;int\u00e9rieur Permet d&rsquo;effectuer une pr\u00e9-d\u00e9claration en ligne pour une atteinte aux biens (vol ou escroquerie par exemple) ou certains faits \u00e0 [&hellip;]<\/p>\n","protected":false},"author":2,"featured_media":0,"parent":0,"menu_order":0,"comment_status":"closed","ping_status":"closed","template":"","meta":{"jetpack_post_was_ever_published":false,"footnotes":""},"class_list":["post-13754","page","type-page","status-publish","hentry"],"jetpack-related-posts":[],"jetpack_sharing_enabled":true,"_links":{"self":[{"href":"https:\/\/ffpanimale.fr\/index.php?rest_route=\/wp\/v2\/pages\/13754","targetHints":{"allow":["GET"]}}],"collection":[{"href":"https:\/\/ffpanimale.fr\/index.php?rest_route=\/wp\/v2\/pages"}],"about":[{"href":"https:\/\/ffpanimale.fr\/index.php?rest_route=\/wp\/v2\/types\/page"}],"author":[{"embeddable":true,"href":"https:\/\/ffpanimale.fr\/index.php?rest_route=\/wp\/v2\/users\/2"}],"replies":[{"embeddable":true,"href":"https:\/\/ffpanimale.fr\/index.php?rest_route=%2Fwp%2Fv2%2Fcomments&post=13754"}],"version-history":[{"count":2,"href":"https:\/\/ffpanimale.fr\/index.php?rest_route=\/wp\/v2\/pages\/13754\/revisions"}],"predecessor-version":[{"id":13757,"href":"https:\/\/ffpanimale.fr\/index.php?rest_route=\/wp\/v2\/pages\/13754\/revisions\/13757"}],"wp:attachment":[{"href":"https:\/\/ffpanimale.fr\/index.php?rest_route=%2Fwp%2Fv2%2Fmedia&parent=13754"}],"curies":[{"name":"wp","href":"https:\/\/api.w.org\/{rel}","templated":true}]}}