{"id":13670,"date":"2024-07-10T14:45:45","date_gmt":"2024-07-10T12:45:45","guid":{"rendered":"https:\/\/ffpanimale.fr\/?page_id=13670"},"modified":"2024-07-12T21:38:57","modified_gmt":"2024-07-12T19:38:57","slug":"departement-asin","status":"publish","type":"page","link":"https:\/\/ffpanimale.fr\/?page_id=13670","title":{"rendered":"D\u00e9partement Asin"},"content":{"rendered":"\n<hr class=\"wp-block-separator has-alpha-channel-opacity\"\/>\n\n\n<style type=\"text\/css\">\n#foogallery-gallery-13687 .fg-image { width: 200px; }<\/style>\n\t\t\t<div class=\"foogallery foogallery-container foogallery-carousel foogallery-lightbox-foogallery fg-carousel fg-ready fg-light fg-border-thin fg-shadow-outline fg-loading-default fg-loaded-fade-in fg-caption-hover fg-hover-fade fg-hover-zoom\" id=\"foogallery-gallery-13687\" data-foogallery=\"{&quot;item&quot;:{&quot;showCaptionTitle&quot;:true,&quot;showCaptionDescription&quot;:true},&quot;lazy&quot;:true,&quot;template&quot;:{&quot;maxItems&quot;:5,&quot;scale&quot;:0.12,&quot;gutter&quot;:{&quot;min&quot;:-40,&quot;max&quot;:-20,&quot;unit&quot;:&quot;%&quot;},&quot;autoplay&quot;:{&quot;time&quot;:0,&quot;interaction&quot;:&quot;pause&quot;},&quot;centerOnClick&quot;:true,&quot;align&quot;:&quot;center&quot;,&quot;activePosition&quot;:&quot;center&quot;}}\" data-foogallery-lightbox=\"{&quot;thumbs&quot;:&quot;bottom&quot;,&quot;thumbsCaptions&quot;:false,&quot;thumbsBestFit&quot;:false,&quot;thumbsSmall&quot;:false,&quot;thumbsCaptionsAlign&quot;:&quot;default&quot;,&quot;info&quot;:&quot;bottom&quot;,&quot;infoVisible&quot;:true,&quot;infoOverlay&quot;:true,&quot;infoAlign&quot;:&quot;default&quot;,&quot;transition&quot;:&quot;fade&quot;,&quot;hoverButtons&quot;:false,&quot;fitMedia&quot;:false,&quot;noScrollbars&quot;:true,&quot;preserveButtonSpace&quot;:true,&quot;buttons&quot;:{&quot;fullscreen&quot;:true,&quot;info&quot;:true,&quot;thumbs&quot;:false},&quot;video&quot;:{&quot;autoPlay&quot;:true}}\" style=\"--fg-title-line-clamp: 0; --fg-description-line-clamp: 0;\" >\n\t<button type=\"button\" class=\"fg-carousel-prev\" title=\"Previous\"><\/button>\n\t<div class=\"fg-carousel-inner\">\n\t\t<div class=\"fg-carousel-center\"><\/div>\n\t\t<div class=\"fg-item fg-type-image fg-idle\"><figure class=\"fg-item-inner\"><a href=\"https:\/\/ffpanimale.fr\/wp-content\/uploads\/2024\/07\/thumbnail_WhatsApp-Image-2023-08-31-a-09.34.06.jpg\" data-attachment-id=\"13685\" data-type=\"image\" class=\"fg-thumb\"><span class=\"fg-image-wrap\"><img decoding=\"async\" width=\"200\" height=\"200\" class=\"skip-lazy fg-image\" data-src-fg=\"https:\/\/ffpanimale.fr\/wp-content\/uploads\/cache\/2024\/07\/thumbnail_WhatsApp-Image-2023-08-31-a-09_34_06\/2244708625.jpg\" src=\"data:image\/svg+xml,%3Csvg%20xmlns%3D%22http%3A%2F%2Fwww.w3.org%2F2000%2Fsvg%22%20width%3D%22200%22%20height%3D%22200%22%20viewBox%3D%220%200%20200%20200%22%3E%3C%2Fsvg%3E\" loading=\"eager\"><\/span><span class=\"fg-image-overlay\"><\/span><\/a><\/figure><div class=\"fg-loader\"><\/div><\/div><div class=\"fg-item fg-type-image fg-idle\"><figure class=\"fg-item-inner\"><a href=\"https:\/\/ffpanimale.fr\/wp-content\/uploads\/2024\/07\/thumbnail_111ypthh.png\" data-attachment-id=\"13688\" data-type=\"image\" class=\"fg-thumb\"><span class=\"fg-image-wrap\"><img decoding=\"async\" width=\"200\" height=\"200\" class=\"skip-lazy fg-image\" data-src-fg=\"https:\/\/ffpanimale.fr\/wp-content\/uploads\/cache\/2024\/07\/thumbnail_111ypthh\/815175070.png\" src=\"data:image\/svg+xml,%3Csvg%20xmlns%3D%22http%3A%2F%2Fwww.w3.org%2F2000%2Fsvg%22%20width%3D%22200%22%20height%3D%22200%22%20viewBox%3D%220%200%20200%20200%22%3E%3C%2Fsvg%3E\" loading=\"eager\"><\/span><span class=\"fg-image-overlay\"><\/span><\/a><\/figure><div class=\"fg-loader\"><\/div><\/div><div class=\"fg-item fg-type-image fg-idle\"><figure class=\"fg-item-inner\"><a href=\"https:\/\/ffpanimale.fr\/wp-content\/uploads\/2024\/07\/PHOTO-2024-07-23-08-53-52.jpg\" data-attachment-id=\"13805\" data-type=\"image\" class=\"fg-thumb\"><span class=\"fg-image-wrap\"><img decoding=\"async\" width=\"200\" height=\"200\" class=\"skip-lazy fg-image\" data-src-fg=\"https:\/\/ffpanimale.fr\/wp-content\/uploads\/cache\/2024\/07\/PHOTO-2024-07-23-08-53-52\/4129105537.jpg\" src=\"data:image\/svg+xml,%3Csvg%20xmlns%3D%22http%3A%2F%2Fwww.w3.org%2F2000%2Fsvg%22%20width%3D%22200%22%20height%3D%22200%22%20viewBox%3D%220%200%20200%20200%22%3E%3C%2Fsvg%3E\" loading=\"eager\"><\/span><span class=\"fg-image-overlay\"><\/span><\/a><\/figure><div class=\"fg-loader\"><\/div><\/div><div class=\"fg-item fg-type-image fg-idle\"><figure class=\"fg-item-inner\"><a href=\"https:\/\/ffpanimale.fr\/wp-content\/uploads\/2024\/07\/PHOTO-2024-07-23-08-53-51.jpg\" data-attachment-id=\"13806\" data-type=\"image\" class=\"fg-thumb\"><span class=\"fg-image-wrap\"><img decoding=\"async\" width=\"200\" height=\"200\" class=\"skip-lazy fg-image\" data-src-fg=\"https:\/\/ffpanimale.fr\/wp-content\/uploads\/cache\/2024\/07\/PHOTO-2024-07-23-08-53-51\/1759527812.jpg\" src=\"data:image\/svg+xml,%3Csvg%20xmlns%3D%22http%3A%2F%2Fwww.w3.org%2F2000%2Fsvg%22%20width%3D%22200%22%20height%3D%22200%22%20viewBox%3D%220%200%20200%20200%22%3E%3C%2Fsvg%3E\" loading=\"eager\"><\/span><span class=\"fg-image-overlay\"><\/span><\/a><\/figure><div class=\"fg-loader\"><\/div><\/div><div class=\"fg-item fg-type-image fg-idle\"><figure class=\"fg-item-inner\"><a href=\"https:\/\/ffpanimale.fr\/wp-content\/uploads\/2024\/07\/Ane-campagne.jpg\" data-attachment-id=\"13810\" data-type=\"image\" class=\"fg-thumb\"><span class=\"fg-image-wrap\"><img decoding=\"async\" width=\"200\" height=\"200\" class=\"skip-lazy fg-image\" data-src-fg=\"https:\/\/ffpanimale.fr\/wp-content\/uploads\/cache\/2024\/07\/Ane-campagne\/510754583.jpg\" src=\"data:image\/svg+xml,%3Csvg%20xmlns%3D%22http%3A%2F%2Fwww.w3.org%2F2000%2Fsvg%22%20width%3D%22200%22%20height%3D%22200%22%20viewBox%3D%220%200%20200%20200%22%3E%3C%2Fsvg%3E\" loading=\"eager\"><\/span><span class=\"fg-image-overlay\"><\/span><\/a><\/figure><div class=\"fg-loader\"><\/div><\/div>\t<\/div>\n\t<div class=\"fg-carousel-bottom\"><\/div>\n\t<div class=\"fg-carousel-progress\"><\/div>\n\t<button type=\"button\" class=\"fg-carousel-next\" title=\"Suiv.\"><\/button>\n<\/div>\n\n\n<p>Bonjour \u00e0 Toutes et Tous,<\/p>\n\n\n\n<p>A l&rsquo;approche des vacances d&rsquo;\u00e9t\u00e9, nous pensons qu&rsquo;il est opportun de vous signaler et d&rsquo;actualiser, en toute humilit\u00e9, notre bilan d&rsquo;activit\u00e9 de terrain depuis trois ans, \u00e0 savoir :<\/p>\n\n\n\n<p><br>actions pour maltraitance ayant donn\u00e9 lieu \u00e0 quinze sauvetages et placements d&rsquo;\u00e2nes,<br>sauvetage et placement de deux mules, deux plaintes d\u00e9pos\u00e9es avec partie civile : une pour un odieux \u00ab\u00a0assassinat\u00a0\u00bb \u00e0 Saint L\u00e9ger les Vignes (44), une pour maltraitance (non parage de sabots) suivie d&rsquo;un rappel \u00e0 la loi \u00e0 Pont-Ch\u00e2teau (44).<br>sans compter les nombreuses m\u00e9diations permettant de transf\u00e9rer la propri\u00e9t\u00e9 des \u00e9quid\u00e9s pour diff\u00e9rentes raisons : accidents de la vie, g\u00e9n\u00e9ration d&rsquo;\u00e2ge, \u2026.<\/p>\n\n\n\n<p>Ces diff\u00e9rentes op\u00e9rations, pour les plus importantes, ont \u00e9t\u00e9 relat\u00e9es dans la presse r\u00e9gionale par des articles circonstanci\u00e9s d\u00e9clenchant ainsi de nombreux dons et signalements !<\/p>\n\n\n\n<p>NB. : Dans ce contexte, nous en profitons pour remercier, pour leur collaboration et aide logistique :<\/p>\n\n\n\n<p>les Autorit\u00e9s civiles et Militaires :<\/p>\n\n\n\n<p>Mairie de Le Guerno* (56), de Pont-Ch\u00e2teau (44), de F\u00e9gr\u00e9ac (44), de Mo\u00eblan s\/Mer (29), de Dr\u00e9ff\u00e9ac (44), de Sainte Reine de Bretagne (44); <\/p>\n\n\n\n<p>la Gendarmerie Nationale de Pont-Ch\u00e2teau (44), de Saint Gildas des Bois (44), de Muzillac (56), de Bouaye (44); le SDIS Vannes* (56),\u2026..<\/p>\n\n\n\n<p>les Asineries\u00a0 :<\/p>\n\n\n\n<p> Aux \u00c2nes Etc &#8211; Guenrou\u00ebt (44), la Maison des \u00c2nes -Le Perrier (85), L&rsquo;\u00c2nerie d\u2019\u00c9lodie &#8211; Saint Andr\u00e9 des Eaux (44), l&rsquo;\u00c2sinerie de Kergall &#8211; Arzano (56), Les Petits Sabots de Tr\u00e9gonneau &#8211; Montoir de Bretagne (44),\u2026.<\/p>\n\n\n\n<p>les Refuges : <\/p>\n\n\n\n<p>Esp\u00e9rance La Rage de Vivre &#8211; Blain (44), Compagnie Geiser &#8211; Blain (44), Pech Petit &#8211; Daoulas (29),\u00a0<br>l\u2019\u00c9cole de Podologie V\u00e9t\u00e9rinaire &#8211; Combrit (29)<\/p>\n\n\n\n<p>le Parc Animalier de Branf\u00e9r\u00e9 &#8211; Le Guerno (56)*<\/p>\n\n\n\n<p>la Presse R\u00e9gionale : <\/p>\n\n\n\n<p>Ouest France (44 &#8211; 85 &#8211; 56 -Bretagne), L\u2019\u00c9cho de La Presqu&rsquo;\u00cele (44), Presse Oc\u00e9an (44),\u00a0<br>les V\u00e9t\u00e9rinaires, Mar\u00e9chaux Ferrants, Agriculteurs (mise \u00e0 disposition de parcs \u00e0 bovins,\u2026) et tous les b\u00e9n\u00e9voles \u00e0 nos c\u00f4t\u00e9s.<br>St\u00e9phane Le Bever &#8211; N\u00e9gociant \u00c9leveur (35)<\/p>\n\n\n\n<ul class=\"wp-block-list\">\n<li>intervention qui aura donn\u00e9 lieu \u00e0 l&rsquo;usage d&rsquo;une seringue hypodermique, tellement l&rsquo;animal \u00e9tait devenu tr\u00e8s sauvage apr\u00e8s son abandon par l&rsquo;ancien ma\u00eetre.<\/li>\n<\/ul>\n\n\n\n<p>Liens :&nbsp;https:\/\/www..facebook.com\/micheldavid12051961\/&nbsp;sur lequel vous retrouverez :<br>toutes les photos<br>les articles de presse<br>le texte de notre post<\/p>\n\n\n\n<p>Nota info . :&nbsp;nous recherchons une famille d&rsquo;Accueil pour le placement de&nbsp;: No\u00e9 (m\u00e2le 20 ans),&nbsp; Bonotte (m\u00e2le 17 ans),\u2026&nbsp;<\/p>\n\n\n\n<p>Aussi nous vous savons gr\u00e9 de votre collaboration et restons \u00e0 votre enti\u00e8re disposition pour tout compl\u00e9ment d&rsquo;information.<\/p>\n\n\n\n<p>Votre bien d\u00e9vou\u00e9.<\/p>\n\n\n\n<p>Michel DAVID<br>D\u00e9l\u00e9gu\u00e9 R\u00e9gional &#8211; D\u00e9partement Asin<br>Association FFPA<br>Port. : +33608541810<br>https:\/\/ffpanimale.fr\/<\/p>\n","protected":false},"excerpt":{"rendered":"<p>Bonjour \u00e0 Toutes et Tous, A l&rsquo;approche des vacances d&rsquo;\u00e9t\u00e9, nous pensons qu&rsquo;il est opportun de vous signaler et d&rsquo;actualiser, en toute humilit\u00e9, notre bilan d&rsquo;activit\u00e9 de terrain depuis trois [&hellip;]<\/p>\n","protected":false},"author":2,"featured_media":0,"parent":0,"menu_order":0,"comment_status":"closed","ping_status":"closed","template":"","meta":{"jetpack_post_was_ever_published":false,"footnotes":""},"class_list":["post-13670","page","type-page","status-publish","hentry"],"jetpack-related-posts":[],"jetpack_sharing_enabled":true,"_links":{"self":[{"href":"https:\/\/ffpanimale.fr\/index.php?rest_route=\/wp\/v2\/pages\/13670","targetHints":{"allow":["GET"]}}],"collection":[{"href":"https:\/\/ffpanimale.fr\/index.php?rest_route=\/wp\/v2\/pages"}],"about":[{"href":"https:\/\/ffpanimale.fr\/index.php?rest_route=\/wp\/v2\/types\/page"}],"author":[{"embeddable":true,"href":"https:\/\/ffpanimale.fr\/index.php?rest_route=\/wp\/v2\/users\/2"}],"replies":[{"embeddable":true,"href":"https:\/\/ffpanimale.fr\/index.php?rest_route=%2Fwp%2Fv2%2Fcomments&post=13670"}],"version-history":[{"count":4,"href":"https:\/\/ffpanimale.fr\/index.php?rest_route=\/wp\/v2\/pages\/13670\/revisions"}],"predecessor-version":[{"id":13691,"href":"https:\/\/ffpanimale.fr\/index.php?rest_route=\/wp\/v2\/pages\/13670\/revisions\/13691"}],"wp:attachment":[{"href":"https:\/\/ffpanimale.fr\/index.php?rest_route=%2Fwp%2Fv2%2Fmedia&parent=13670"}],"curies":[{"name":"wp","href":"https:\/\/api.w.org\/{rel}","templated":true}]}}