{"id":13274,"date":"2023-09-08T22:32:11","date_gmt":"2023-09-08T20:32:11","guid":{"rendered":"https:\/\/ffpanimale.fr\/?page_id=13274"},"modified":"2025-11-29T18:31:57","modified_gmt":"2025-11-29T17:31:57","slug":"liens-utiles","status":"publish","type":"page","link":"https:\/\/ffpanimale.fr\/?page_id=13274","title":{"rendered":"Liens Utiles"},"content":{"rendered":"\n<hr class=\"wp-block-separator has-alpha-channel-opacity\"\/>\n\n\n\n<div class=\"wp-block-media-text is-stacked-on-mobile\"><figure class=\"wp-block-media-text__media\"><img data-recalc-dims=\"1\" loading=\"lazy\" decoding=\"async\" width=\"337\" height=\"90\" src=\"https:\/\/i0.wp.com\/ffpanimale.fr\/wp-content\/uploads\/2024\/07\/OMSA.jpeg?resize=337%2C90&#038;ssl=1\" alt=\"\" class=\"wp-image-13782 size-full\" srcset=\"https:\/\/i0.wp.com\/ffpanimale.fr\/wp-content\/uploads\/2024\/07\/OMSA.jpeg?w=337&amp;ssl=1 337w, https:\/\/i0.wp.com\/ffpanimale.fr\/wp-content\/uploads\/2024\/07\/OMSA.jpeg?resize=300%2C80&amp;ssl=1 300w\" sizes=\"auto, (max-width: 337px) 100vw, 337px\" \/><\/figure><div class=\"wp-block-media-text__content\">\n<p>\u00ab&nbsp;Organisation Mondiale de la Sant\u00e9 Animale&nbsp;\u00bb<\/p>\n\n\n\n<p>Source : \u2014&nbsp;<a href=\"https:\/\/www.woah.org\/fr\/accueil\/\" target=\"_blank\" rel=\"noreferrer noopener\">OMSA<\/a><\/p>\n<\/div><\/div>\n\n\n\n<hr class=\"wp-block-separator has-alpha-channel-opacity\"\/>\n\n\n\n<div class=\"wp-block-media-text is-stacked-on-mobile\"><figure class=\"wp-block-media-text__media\"><a href=\"https:\/\/inpn.mnhn.fr\/accueil\/index\/\" target=\"_blank\" rel=\"Inpn noopener\"><img data-recalc-dims=\"1\" loading=\"lazy\" decoding=\"async\" width=\"296\" height=\"100\" src=\"https:\/\/i0.wp.com\/ffpanimale.fr\/wp-content\/uploads\/2024\/07\/Inpn.jpeg?resize=296%2C100&#038;ssl=1\" alt=\"\" class=\"wp-image-13786 size-full\"\/><\/a><\/figure><div class=\"wp-block-media-text__content\">\n<p>\u00ab&nbsp;Inventaire National du Patrimoine Naturel&nbsp;\u00bb<\/p>\n\n\n\n<p>Source : &nbsp;<a href=\"https:\/\/www.woah.org\/fr\/accueil\/\" target=\"_blank\" rel=\"noreferrer noopener\">INPN<\/a><\/p>\n<\/div><\/div>\n\n\n\n<hr class=\"wp-block-separator has-alpha-channel-opacity\"\/>\n\n\n\n<div class=\"wp-block-media-text is-stacked-on-mobile\"><figure class=\"wp-block-media-text__media\"><a href=\"https:\/\/cites.org\/fra\" target=\"_blank\" rel=\"Cites.org noopener\"><img data-recalc-dims=\"1\" loading=\"lazy\" decoding=\"async\" width=\"670\" height=\"398\" src=\"https:\/\/i0.wp.com\/ffpanimale.fr\/wp-content\/uploads\/2023\/09\/Screenshot-2023-09-09-at-20-04-18-CITES-logo-CITES.png?resize=670%2C398&#038;ssl=1\" alt=\"\" class=\"wp-image-13299 size-full\" srcset=\"https:\/\/i0.wp.com\/ffpanimale.fr\/wp-content\/uploads\/2023\/09\/Screenshot-2023-09-09-at-20-04-18-CITES-logo-CITES.png?w=670&amp;ssl=1 670w, https:\/\/i0.wp.com\/ffpanimale.fr\/wp-content\/uploads\/2023\/09\/Screenshot-2023-09-09-at-20-04-18-CITES-logo-CITES.png?resize=300%2C178&amp;ssl=1 300w\" sizes=\"auto, (max-width: 670px) 100vw, 670px\" \/><\/a><\/figure><div class=\"wp-block-media-text__content\">\n<p>\u00ab&nbsp;Inventaire National du Patrimoine Naturel&nbsp;\u00bb<\/p>\n\n\n\n<p>Source : &nbsp;<a href=\"https:\/\/cites.org\/fra\" target=\"_blank\" rel=\"noreferrer noopener\">CItes.org<\/a><\/p>\n<\/div><\/div>\n\n\n\n<hr class=\"wp-block-separator has-alpha-channel-opacity\"\/>\n\n\n\n<div class=\"wp-block-media-text is-stacked-on-mobile\"><figure class=\"wp-block-media-text__media\"><img data-recalc-dims=\"1\" loading=\"lazy\" decoding=\"async\" width=\"437\" height=\"143\" src=\"https:\/\/i0.wp.com\/ffpanimale.fr\/wp-content\/uploads\/2022\/02\/Capture-web_9-2-2022_141633_www.service-public.fr_.jpeg?resize=437%2C143&#038;ssl=1\" alt=\"\" class=\"wp-image-12123 size-full\" srcset=\"https:\/\/i0.wp.com\/ffpanimale.fr\/wp-content\/uploads\/2022\/02\/Capture-web_9-2-2022_141633_www.service-public.fr_.jpeg?w=437&amp;ssl=1 437w, https:\/\/i0.wp.com\/ffpanimale.fr\/wp-content\/uploads\/2022\/02\/Capture-web_9-2-2022_141633_www.service-public.fr_.jpeg?resize=300%2C98&amp;ssl=1 300w\" sizes=\"auto, (max-width: 437px) 100vw, 437px\" \/><\/figure><div class=\"wp-block-media-text__content\">\n<blockquote class=\"wp-block-quote is-layout-flow wp-block-quote-is-layout-flow\">\n<p>\u00ab&nbsp;D\u00e9clarer mes comptes une transparent mais surtout obligatoire&nbsp;\u00bb<\/p>\n\n\n\n<p>Source :&nbsp;<a href=\"https:\/\/www.service-public.fr\/\">Service Public.fr<\/a><\/p>\n<\/blockquote>\n<\/div><\/div>\n\n\n\n<hr class=\"wp-block-separator has-alpha-channel-opacity\"\/>\n\n\n\n<div class=\"wp-block-media-text is-stacked-on-mobile\"><figure class=\"wp-block-media-text__media\"><img data-recalc-dims=\"1\" loading=\"lazy\" decoding=\"async\" width=\"364\" height=\"142\" src=\"https:\/\/i0.wp.com\/ffpanimale.fr\/wp-content\/uploads\/2024\/07\/ICAD.jpeg?resize=364%2C142&#038;ssl=1\" alt=\"\" class=\"wp-image-13765 size-full\" srcset=\"https:\/\/i0.wp.com\/ffpanimale.fr\/wp-content\/uploads\/2024\/07\/ICAD.jpeg?w=364&amp;ssl=1 364w, https:\/\/i0.wp.com\/ffpanimale.fr\/wp-content\/uploads\/2024\/07\/ICAD.jpeg?resize=300%2C117&amp;ssl=1 300w\" sizes=\"auto, (max-width: 364px) 100vw, 364px\" \/><\/figure><div class=\"wp-block-media-text__content\">\n<blockquote class=\"wp-block-quote is-layout-flow wp-block-quote-is-layout-flow\">\n<p>\u201d Identifier et ou d\u00e9clarer son animal de compagnie c\u2019est obligatoire chien comme chat, effectuez ces derni\u00e8res sur&nbsp;<a href=\"https:\/\/www.i-cad.fr\/\" target=\"_blank\" rel=\"noreferrer noopener\">Icad&nbsp;<\/a>\u201d<\/p>\n\n\n\n<p>\u2014&nbsp;Source :&nbsp;<a href=\"https:\/\/www.i-cad.fr\/\" target=\"_blank\" rel=\"noreferrer noopener\">Icad<\/a><\/p>\n<\/blockquote>\n\n\n\n<p><\/p>\n<\/div><\/div>\n\n\n\n<hr class=\"wp-block-separator has-alpha-channel-opacity\"\/>\n\n\n\n<div class=\"wp-block-media-text is-stacked-on-mobile\"><figure class=\"wp-block-media-text__media\"><img data-recalc-dims=\"1\" loading=\"lazy\" decoding=\"async\" width=\"214\" height=\"201\" src=\"https:\/\/i0.wp.com\/ffpanimale.fr\/wp-content\/uploads\/2024\/07\/Veto-Nac.jpeg?resize=214%2C201&#038;ssl=1\" alt=\"\" class=\"wp-image-13768 size-full\"\/><\/figure><div class=\"wp-block-media-text__content\">\n<blockquote class=\"wp-block-quote is-layout-flow wp-block-quote-is-layout-flow\">\n<p>\u00ab Vous poss\u00e9dez un N.A.C. ? D\u00e9claration sur Vetonac&nbsp;\u00bb\u2014&nbsp;<a href=\"https:\/\/www.vetonac.fr\/\" target=\"_blank\" rel=\"noreferrer noopener\">V\u00e9tonac<\/a><\/p>\n\n\n\n<p>\u2013 Source :&nbsp;<a href=\"https:\/\/www.vetonac.fr\/\">V\u00e9tonac.fr<\/a><\/p>\n<\/blockquote>\n<\/div><\/div>\n\n\n\n<hr class=\"wp-block-separator has-alpha-channel-opacity\"\/>\n\n\n\n<div class=\"wp-block-media-text is-stacked-on-mobile\"><figure class=\"wp-block-media-text__media\"><img data-recalc-dims=\"1\" loading=\"lazy\" decoding=\"async\" width=\"810\" height=\"456\" src=\"https:\/\/i0.wp.com\/ffpanimale.fr\/wp-content\/uploads\/2022\/12\/Liens-Utiles-Ifap.jpg?resize=810%2C456&#038;ssl=1\" alt=\"\" class=\"wp-image-12536 size-full\" srcset=\"https:\/\/i0.wp.com\/ffpanimale.fr\/wp-content\/uploads\/2022\/12\/Liens-Utiles-Ifap.jpg?resize=1024%2C576&amp;ssl=1 1024w, https:\/\/i0.wp.com\/ffpanimale.fr\/wp-content\/uploads\/2022\/12\/Liens-Utiles-Ifap.jpg?resize=300%2C169&amp;ssl=1 300w, https:\/\/i0.wp.com\/ffpanimale.fr\/wp-content\/uploads\/2022\/12\/Liens-Utiles-Ifap.jpg?resize=768%2C432&amp;ssl=1 768w, https:\/\/i0.wp.com\/ffpanimale.fr\/wp-content\/uploads\/2022\/12\/Liens-Utiles-Ifap.jpg?resize=135%2C75&amp;ssl=1 135w, https:\/\/i0.wp.com\/ffpanimale.fr\/wp-content\/uploads\/2022\/12\/Liens-Utiles-Ifap.jpg?w=1280&amp;ssl=1 1280w\" sizes=\"auto, (max-width: 810px) 100vw, 810px\" \/><\/figure><div class=\"wp-block-media-text__content\">\n<blockquote class=\"wp-block-quote is-layout-flow wp-block-quote-is-layout-flow\">\n<p>\u00ab Vous poss\u00e9dez une esp\u00e8ce prot\u00e9g\u00e9e de la faune fran\u00e7aise ? D\u00e9claration sur&nbsp;<a href=\"https:\/\/www.i-fap.fr\/\" target=\"_blank\" rel=\"noreferrer noopener\">I-Fap<\/a>\u00bb<\/p>\n\n\n\n<p>\u2013 Source :&nbsp;<a href=\"https:\/\/www.i-fap.fr\/\" target=\"_blank\" rel=\"noreferrer noopener\">I-Fap<\/a><\/p>\n<\/blockquote>\n<\/div><\/div>\n\n\n\n<hr class=\"wp-block-separator has-alpha-channel-opacity\"\/>\n","protected":false},"excerpt":{"rendered":"<p>\u00ab&nbsp;Organisation Mondiale de la Sant\u00e9 Animale&nbsp;\u00bb Source : \u2014&nbsp;OMSA \u00ab&nbsp;Inventaire National du Patrimoine Naturel&nbsp;\u00bb Source : &nbsp;INPN \u00ab&nbsp;Inventaire National du Patrimoine Naturel&nbsp;\u00bb Source : &nbsp;CItes.org<\/p>\n","protected":false},"author":2,"featured_media":0,"parent":0,"menu_order":0,"comment_status":"closed","ping_status":"closed","template":"","meta":{"jetpack_post_was_ever_published":false,"footnotes":""},"class_list":["post-13274","page","type-page","status-publish","hentry"],"jetpack-related-posts":[],"jetpack_sharing_enabled":true,"_links":{"self":[{"href":"https:\/\/ffpanimale.fr\/index.php?rest_route=\/wp\/v2\/pages\/13274","targetHints":{"allow":["GET"]}}],"collection":[{"href":"https:\/\/ffpanimale.fr\/index.php?rest_route=\/wp\/v2\/pages"}],"about":[{"href":"https:\/\/ffpanimale.fr\/index.php?rest_route=\/wp\/v2\/types\/page"}],"author":[{"embeddable":true,"href":"https:\/\/ffpanimale.fr\/index.php?rest_route=\/wp\/v2\/users\/2"}],"replies":[{"embeddable":true,"href":"https:\/\/ffpanimale.fr\/index.php?rest_route=%2Fwp%2Fv2%2Fcomments&post=13274"}],"version-history":[{"count":17,"href":"https:\/\/ffpanimale.fr\/index.php?rest_route=\/wp\/v2\/pages\/13274\/revisions"}],"predecessor-version":[{"id":14443,"href":"https:\/\/ffpanimale.fr\/index.php?rest_route=\/wp\/v2\/pages\/13274\/revisions\/14443"}],"wp:attachment":[{"href":"https:\/\/ffpanimale.fr\/index.php?rest_route=%2Fwp%2Fv2%2Fmedia&parent=13274"}],"curies":[{"name":"wp","href":"https:\/\/api.w.org\/{rel}","templated":true}]}}