{"id":11457,"date":"2021-01-15T18:38:20","date_gmt":"2021-01-15T17:38:20","guid":{"rendered":"http:\/\/www.ffpanimale.fr\/?page_id=11457"},"modified":"2023-09-08T18:03:59","modified_gmt":"2023-09-08T16:03:59","slug":"jagis","status":"publish","type":"page","link":"https:\/\/ffpanimale.fr\/?page_id=11457","title":{"rendered":"Espace Action"},"content":{"rendered":"\n<hr class=\"wp-block-separator has-alpha-channel-opacity\"\/>\n\n\n\n<blockquote class=\"wp-block-quote is-layout-flow wp-block-quote-is-layout-flow\">\n<p>Tout le monde peut agir et changer les choses. Les animaux ont besoin qu\u2019un maximum de personnes s\u2019engage afin de les d\u00e9fendre.<\/p>\n\n\n\n<p>Arm\u00e9 de cette documentation, vous allez pouvoir devenir un militant hors-pair. Ces informations, id\u00e9es, documents et conseils pratiques vous aideront \u00e0 rendre le monde plus respectueux \u00e0 l\u2019\u00e9gard des animaux !<\/p>\n<cite>Sylvain Dumont Amrein (Pr\u00e9sident Secr\u00e9taire G\u00e9n\u00e9ral)<\/cite><\/blockquote>\n\n\n\n<hr class=\"wp-block-separator has-alpha-channel-opacity\"\/>\n\n\n\n<div class=\"wp-block-columns alignfull is-layout-flex wp-container-core-columns-is-layout-9d6595d7 wp-block-columns-is-layout-flex\">\n<div class=\"wp-block-column is-layout-flow wp-block-column-is-layout-flow\" style=\"flex-basis:50%\">\n<div class=\"wp-block-cover is-light\" style=\"min-height:600px;aspect-ratio:unset;\"><span aria-hidden=\"true\" class=\"wp-block-cover__background has-background-dim-100 has-background-dim has-background-gradient\" style=\"background:radial-gradient(rgb(202,248,128) 0%,rgb(24,201,26) 77%,rgb(113,206,126) 100%)\"><\/span><div class=\"wp-block-cover__inner-container is-layout-flow wp-block-cover-is-layout-flow\"><div class=\"wp-block-image\">\n<figure class=\"aligncenter size-large\"><a href=\"https:\/\/www.ffpanimale.fr\/wp-content\/uploads\/2019\/03\/FFPANIMALE-GUIDE-DU-VEGETARISME.pdf\" target=\"_blank\" rel=\"noreferrer noopener\"><img data-recalc-dims=\"1\" loading=\"lazy\" decoding=\"async\" width=\"724\" height=\"1024\" src=\"https:\/\/i0.wp.com\/ffpanimale.fr\/wp-content\/uploads\/2023\/09\/Guide-du-Vegetarisme.jpg?resize=724%2C1024&#038;ssl=1\" alt=\"\" class=\"wp-image-13196\" srcset=\"https:\/\/i0.wp.com\/ffpanimale.fr\/wp-content\/uploads\/2023\/09\/Guide-du-Vegetarisme.jpg?resize=724%2C1024&amp;ssl=1 724w, https:\/\/i0.wp.com\/ffpanimale.fr\/wp-content\/uploads\/2023\/09\/Guide-du-Vegetarisme.jpg?resize=212%2C300&amp;ssl=1 212w, https:\/\/i0.wp.com\/ffpanimale.fr\/wp-content\/uploads\/2023\/09\/Guide-du-Vegetarisme.jpg?resize=768%2C1086&amp;ssl=1 768w, https:\/\/i0.wp.com\/ffpanimale.fr\/wp-content\/uploads\/2023\/09\/Guide-du-Vegetarisme.jpg?resize=1086%2C1536&amp;ssl=1 1086w, https:\/\/i0.wp.com\/ffpanimale.fr\/wp-content\/uploads\/2023\/09\/Guide-du-Vegetarisme.jpg?resize=1320%2C1867&amp;ssl=1 1320w, https:\/\/i0.wp.com\/ffpanimale.fr\/wp-content\/uploads\/2023\/09\/Guide-du-Vegetarisme.jpg?w=1414&amp;ssl=1 1414w\" sizes=\"auto, (max-width: 724px) 100vw, 724px\" \/><\/a><\/figure>\n<\/div><\/div><\/div>\n<\/div>\n\n\n\n<div class=\"wp-block-column is-vertically-aligned-center is-layout-flow wp-block-column-is-layout-flow\" style=\"padding-top:1em;padding-right:1em;padding-bottom:1em;padding-left:1em\">\n<div class=\"wp-block-columns is-layout-flex wp-container-core-columns-is-layout-9d6595d7 wp-block-columns-is-layout-flex\">\n<div class=\"wp-block-column is-layout-flow wp-block-column-is-layout-flow\" style=\"flex-basis:320px\">\n<p class=\"has-small-font-size\" style=\"line-height:1.6\"><strong>Guide du V\u00e9g\u00e9tarisme<\/strong><\/p>\n\n\n\n<p class=\"has-small-font-size\" style=\"line-height:1.6\">Vous trouverez ci-contre un guide, non exhaustif, qui vous aidera \u00e0 modifier votre mode vie pour votre sant\u00e9 mais aussi pour notre Plan\u00e8te<\/p>\n<\/div>\n<\/div>\n<\/div>\n<\/div>\n\n\n\n<hr class=\"wp-block-separator has-alpha-channel-opacity\"\/>\n\n\n\n<div class=\"wp-block-columns alignfull is-layout-flex wp-container-core-columns-is-layout-9d6595d7 wp-block-columns-is-layout-flex\">\n<div class=\"wp-block-column is-layout-flow wp-block-column-is-layout-flow\" style=\"flex-basis:50%\">\n<div class=\"wp-block-cover is-light\" style=\"min-height:600px;aspect-ratio:unset;\"><span aria-hidden=\"true\" class=\"wp-block-cover__background has-background-dim-100 has-background-dim has-background-gradient has-vivid-cyan-blue-to-vivid-purple-gradient-background\"><\/span><div class=\"wp-block-cover__inner-container is-layout-flow wp-block-cover-is-layout-flow\"><div class=\"wp-block-image\">\n<figure class=\"aligncenter size-large\"><img data-recalc-dims=\"1\" loading=\"lazy\" decoding=\"async\" width=\"724\" height=\"1024\" src=\"https:\/\/i0.wp.com\/ffpanimale.fr\/wp-content\/uploads\/2023\/09\/2-4.jpg?resize=724%2C1024&#038;ssl=1\" alt=\"\" class=\"wp-image-13209\" srcset=\"https:\/\/i0.wp.com\/ffpanimale.fr\/wp-content\/uploads\/2023\/09\/2-4.jpg?resize=724%2C1024&amp;ssl=1 724w, https:\/\/i0.wp.com\/ffpanimale.fr\/wp-content\/uploads\/2023\/09\/2-4.jpg?resize=212%2C300&amp;ssl=1 212w, https:\/\/i0.wp.com\/ffpanimale.fr\/wp-content\/uploads\/2023\/09\/2-4.jpg?resize=768%2C1086&amp;ssl=1 768w, https:\/\/i0.wp.com\/ffpanimale.fr\/wp-content\/uploads\/2023\/09\/2-4.jpg?resize=1086%2C1536&amp;ssl=1 1086w, https:\/\/i0.wp.com\/ffpanimale.fr\/wp-content\/uploads\/2023\/09\/2-4.jpg?resize=1320%2C1867&amp;ssl=1 1320w, https:\/\/i0.wp.com\/ffpanimale.fr\/wp-content\/uploads\/2023\/09\/2-4.jpg?w=1414&amp;ssl=1 1414w\" sizes=\"auto, (max-width: 724px) 100vw, 724px\" \/><\/figure>\n<\/div><\/div><\/div>\n<\/div>\n\n\n\n<div class=\"wp-block-column is-vertically-aligned-center is-layout-flow wp-block-column-is-layout-flow\" style=\"padding-top:1em;padding-right:1em;padding-bottom:1em;padding-left:1em\">\n<div class=\"wp-block-columns is-layout-flex wp-container-core-columns-is-layout-9d6595d7 wp-block-columns-is-layout-flex\">\n<div class=\"wp-block-column is-layout-flow wp-block-column-is-layout-flow\" style=\"flex-basis:320px\">\n<p class=\"has-small-font-size\" style=\"line-height:1.6\"><strong>Comment bien r\u00e9diger un courrier<\/strong><\/p>\n\n\n\n<p class=\"has-small-font-size\" style=\"line-height:1.6\">Vous trouverez ci-contre un guide qui vous aidera \u00e0 r\u00e9diger vos courriers afin d&rsquo;interpeller toutes personnes que vous aurez solliciter en vu d&rsquo;alerter sur la condition animale notamment<\/p>\n<\/div>\n<\/div>\n<\/div>\n<\/div>\n\n\n\n<hr class=\"wp-block-separator has-alpha-channel-opacity\"\/>\n","protected":false},"excerpt":{"rendered":"<p>Tout le monde peut agir et changer les choses. Les animaux ont besoin qu\u2019un maximum de personnes s\u2019engage afin de les d\u00e9fendre. Arm\u00e9 de cette documentation, vous allez pouvoir devenir [&hellip;]<\/p>\n","protected":false},"author":4,"featured_media":0,"parent":0,"menu_order":0,"comment_status":"closed","ping_status":"closed","template":"","meta":{"jetpack_post_was_ever_published":false,"footnotes":""},"class_list":["post-11457","page","type-page","status-publish","hentry"],"jetpack-related-posts":[],"jetpack_sharing_enabled":true,"_links":{"self":[{"href":"https:\/\/ffpanimale.fr\/index.php?rest_route=\/wp\/v2\/pages\/11457","targetHints":{"allow":["GET"]}}],"collection":[{"href":"https:\/\/ffpanimale.fr\/index.php?rest_route=\/wp\/v2\/pages"}],"about":[{"href":"https:\/\/ffpanimale.fr\/index.php?rest_route=\/wp\/v2\/types\/page"}],"author":[{"embeddable":true,"href":"https:\/\/ffpanimale.fr\/index.php?rest_route=\/wp\/v2\/users\/4"}],"replies":[{"embeddable":true,"href":"https:\/\/ffpanimale.fr\/index.php?rest_route=%2Fwp%2Fv2%2Fcomments&post=11457"}],"version-history":[{"count":5,"href":"https:\/\/ffpanimale.fr\/index.php?rest_route=\/wp\/v2\/pages\/11457\/revisions"}],"predecessor-version":[{"id":13246,"href":"https:\/\/ffpanimale.fr\/index.php?rest_route=\/wp\/v2\/pages\/11457\/revisions\/13246"}],"wp:attachment":[{"href":"https:\/\/ffpanimale.fr\/index.php?rest_route=%2Fwp%2Fv2%2Fmedia&parent=11457"}],"curies":[{"name":"wp","href":"https:\/\/api.w.org\/{rel}","templated":true}]}}